{"id":23,"date":"2025-07-29T18:44:20","date_gmt":"2025-07-29T18:44:20","guid":{"rendered":"https:\/\/algicel.pt\/?page_id=23"},"modified":"2025-08-08T23:18:45","modified_gmt":"2025-08-08T23:18:45","slug":"geschaftsbedingungen","status":"publish","type":"page","link":"https:\/\/algicel.pt\/de\/geschaftsbedingungen\/","title":{"rendered":"Gesch\u00e4ftsbedingungen"},"content":{"rendered":"<div class=\"et_pb_section_0 et_pb_section et_section_regular et_block_section\">\n<div class=\"et_pb_row_0 et_pb_row et_pb_gutters3 et_block_row et_animated\">\n<div class=\"et_pb_column_0 et_pb_column et_pb_column_4_4 et-last-child et_block_column et_pb_css_mix_blend_mode_passthrough\">\n<div class=\"et_pb_text_0 et_pb_text et_pb_bg_layout_light et_pb_module et_flex_module\"><div class=\"et_pb_text_inner\"><h1>Gesch\u00e4ftsbedingungen<\/h1>\n<\/div><\/div>\n<\/div>\n<\/div>\n\n<div class=\"et_pb_row_1 et_pb_row et_flex_row et_animated\">\n<div class=\"et_pb_column_1 et_pb_column et_flex_column et_pb_css_mix_blend_mode_passthrough et_flex_column_24_24\">\n<div class=\"et_pb_text_1 et_pb_text et_pb_bg_layout_light et_pb_module et_flex_module\"><div class=\"et_pb_text_inner\"><p>Letztes Update<\/p>\n<\/div><\/div>\n\n<div class=\"et_pb_text_2 et_pb_text et_pb_bg_layout_light et_pb_module et_flex_module\"><div class=\"et_pb_text_inner\"><p>August 29, 2019<\/p>\n<\/div><\/div>\n<\/div>\n\n<div class=\"et_pb_column_2 et_pb_column et-last-child et_flex_column et_pb_css_mix_blend_mode_passthrough et_flex_column_24_24\">\n<div class=\"et_pb_text_3 et_pb_text et_pb_bg_layout_light et_pb_module et_flex_module\"><div class=\"et_pb_text_inner\"><p>www.algicel.pt<\/p>\n<h2>Pr\u00e4ambel<\/h2>\n<p>1. Diese allgemeinen Verkaufsbedingungen werden zwischen Algicel, Biotecnologia e Investiga\u00e7\u00e3o, Lda, mit Sitz in Rua Prof. Luciano da Mota Vieira, 28 \u2013 9500 -238 Ponta Delgada, Steuernummer 512104492 und Kontaktnummer +351 926532025, im Folgenden \u201eAlgicel\u201c genannt, und Personen, die Eink\u00e4ufe \u00fcber die Website www.algicel.pt t\u00e4tigen m\u00f6chten, im Folgenden \u201eBenutzer\u201c genannt, vereinbart.<\/p>\n<p>2. Die Parteien vereinbaren, dass K\u00e4ufe, die \u00fcber die Website www.algicel.pt get\u00e4tigt werden, ausschlie\u00dflich durch diesen Vertrag geregelt werden, unter Ausschluss aller zuvor auf der Website verf\u00fcgbaren Bedingungen.<\/p>\n<h2>Artikel 1 \u2013 Zweck<\/h2>\n<p>1. Der Zweck dieser Allgemeinen Verkaufsbedingungen besteht darin, dem Benutzer alle notwendigen Informationen zu den Bestell-, Verkaufs-, Zahlungs- und Liefermethoden f\u00fcr Eink\u00e4ufe auf der Website www.algicel.pt bereitzustellen und zu definieren.<\/p>\n<p>2. Diese Bedingungen regeln alle notwendigen Schritte zur Aufgabe der Bestellung und gew\u00e4hrleisten die Nachverfolgung dieser Bestellung zwischen den Vertragsparteien.<\/p>\n<h2>Artikel 2 \u2013 Bestellung<\/h2>\n<p>1. Der Benutzer gibt seine Bestellung auf, indem er den auf der Website www.algicel.pt dargestellten Kaufvorgang abschlie\u00dft und das\/die Produkt(e) oder die Dienstleistung(en), die er bestellen m\u00f6chte, in den Warenkorb legt:<\/p>\n<p>2. Um Ihre Bestellung aufzugeben, muss der Benutzer:<\/p>\n<p>a) Registrieren Sie sich auf der Website www.algicel.pt und geben Sie die dort angeforderten Informationen an.<\/p>\n<p>b) Anmelden (mit einer vom Benutzer bei der Registrierung gew\u00e4hlten E-Mail- und Passwortkombination).<\/p>\n<p>c) Vervollst\u00e4ndigen Sie die Informationen und w\u00e4hlen Sie die Optionen aus, die Ihnen w\u00e4hrend des Bestellvorgangs zur Verf\u00fcgung stehen (Liefer- und Rechnungsadresse, Versandart, Zahlungsmethode sowie die NIF und den Namen, der aus steuerlichen Gr\u00fcnden auf der Rechnung erscheinen soll).<\/p>\n<p>3. Die endg\u00fcltige Best\u00e4tigung der Bestellung durch den Benutzer gilt als vollst\u00e4ndige und uneingeschr\u00e4nkte Annahme der Preise und Beschreibungen der zum Verkauf stehenden Produkte sowie dieser Allgemeinen Verkaufsbedingungen, die f\u00fcr den so abgeschlossenen Vertrag als einzige gelten.<\/p>\n<p>4. Algicel erf\u00fcllt Online-Bestellungen nur, solange der Vorrat reicht. Sollte ein Produkt nicht verf\u00fcgbar sein, verpflichtet sich Algicel, den Benutzer schnellstm\u00f6glich zu informieren.<\/p>\n<p>5. F\u00fcr die Angaben in der Rechnung ist ausschlie\u00dflich der Nutzer verantwortlich. Nach der Ausstellung kann die Rechnung nicht erneut mit \u00c4nderungen ausgestellt werden.<\/p>\n<div id=\"pagamentos\"><\/div>\n<p>6. Bestellungen sind acht (8) Tage g\u00fcltig, es sei denn, die Bestellung erfolgt im Rahmen einer Werbeaktion mit einer anderen Frist. Preise, Rabatte, Aktionen und Angebote k\u00f6nnen nach Ablauf dieser Frist nicht mehr garantiert werden. Geht die Zahlung nicht innerhalb dieser Frist bei uns ein, kann die Bestellung nicht best\u00e4tigt werden. Nach diesem Datum eingehende Betr\u00e4ge werden zur\u00fcckerstattet oder f\u00fcr eine neue Bestellung verwendet.<\/p>\n<h2>Artikel 3 \u2013 Zahlung<\/h2>\n<p>1. Auf der Website www.algicel.pt bietet Algicel dem Benutzer \u00fcber Easypay \u2013 Institui\u00e7\u00e3o de Pagamento Lda folgende Zahlungsmethoden an:<\/p>\n<ol class=\"wp-block-list\">\n<li>Kreditkarte (Visa, Mastercard);<\/li>\n<li>Multibanco-Referenz;<\/li>\n<li>Mb Weg<\/li>\n<li>\u00dcberweisen;<\/li>\n<li>Paypal;<\/li>\n<\/ol>\n<p>2. Bei Zahlung per Kreditkarte wird die Karte des Nutzers unmittelbar nach Best\u00e4tigung des Versands der Ware belastet. Sollten einige bestellte Produkte nicht vorr\u00e4tig sein, wird der Betrag nach Abschluss der Bestellung der Karte des Nutzers gutgeschrieben.<\/p>\n<h2>Artikel 4 \u2013 Lieferung<\/h2>\n<ol class=\"wp-block-list\">\n<li>Die Lieferung der Bestellung erfolgt innerhalb von 30 Werktagen nach Auftragserteilung durch CTT.<\/li>\n<\/ol>\n<ol class=\"wp-block-list\" start=\"2\">\n<li>Zu der Bestellung kommen noch Versandkosten hinzu.<\/li>\n<\/ol>\n<h2>Artikel 5 \u2013 Preise<\/h2>\n<p>1. Die Preise verstehen sich in Euro, einschlie\u00dflich Steuern und Geb\u00fchren, unter Ber\u00fccksichtigung der am Tag der Bezahlung der Bestellung geltenden Mehrwertsteuer.<\/p>\n<p>2. Wenn sich der Preis eines Produkts erh\u00f6ht, wird der Benutzer unverz\u00fcglich informiert und kann w\u00e4hlen, ob er seine Bestellung erhalten (und die Differenz bezahlen) oder stornieren m\u00f6chte.<\/p>\n<h2>Artikel 6 \u2013 Stornierung und R\u00fcckerstattung<\/h2>\n<ol class=\"wp-block-list\">\n<li>Der Stornierungs- oder R\u00fcckerstattungsprozess wird von Algicel von Fall zu Fall bearbeitet. Die Anfrage muss schriftlich an die Kontakt-E-Mail-Adresse gesendet werden <a href=\"about:blank\">geral@algicel.pt<\/a>, bis zu 15 Tage nach der Bestellung, wobei die Anweisungen zur Stornierung oder R\u00fccksendung der Ware von Algicel \u00fcber dasselbe Kommunikationsmittel beantwortet und definiert werden.<\/li>\n<\/ol>\n<ol class=\"wp-block-list\" start=\"2\">\n<li>Wenn m\u00f6glich, sollte die R\u00fcckerstattung mit derselben Zahlungsmethode erfolgen. Ist dies jedoch nicht m\u00f6glich, muss der Benutzer einen Zahlungsnachweis und einen Konto- oder Karteninhabernachweis vorlegen, damit die R\u00fcckerstattung per Bank\u00fcberweisung erfolgen kann.<\/li>\n<\/ol>\n<ol class=\"wp-block-list\" start=\"3\">\n<li>Algicel verpflichtet sich, dem Benutzer den Betrag innerhalb einer Frist von maximal 30 Tagen zu erstatten.<\/li>\n<\/ol>\n<p>4.1 Zur\u00fcckgegebene Produkte m\u00fcssen sich in einem verkaufsf\u00e4higen Zustand befinden, d. h. in demselben Zustand, in dem sie den Benutzer erreicht haben, ohne Anomalien oder Sch\u00e4den.<\/p>\n<p>5. Wenn der Wert, der sich aus dem Umtausch von Produkten in einer Bestellung ergibt, niedriger oder h\u00f6her ist als der urspr\u00fcngliche Wert derselben, werden die Abwicklungsbedingungen von Algicel angegeben.<\/p>\n<p>Geltendes Recht: Der Vertrag unterliegt portugiesischem Recht.<\/p>\n<\/div><\/div>\n<\/div>\n<\/div>\n<\/div>","protected":false},"excerpt":{"rendered":"","protected":false},"author":1,"featured_media":0,"parent":0,"menu_order":0,"comment_status":"closed","ping_status":"closed","template":"","meta":{"footnotes":""},"class_list":["post-23","page","type-page","status-publish","hentry"],"yoast_head":"<!-- This site is optimized with the Yoast SEO plugin v26.7 - https:\/\/yoast.com\/wordpress\/plugins\/seo\/ -->\n<title>Termos e Condi\u00e7\u00f5es - Algicel<\/title>\n<meta name=\"robots\" content=\"index, follow, max-snippet:-1, max-image-preview:large, max-video-preview:-1\" \/>\n<link rel=\"canonical\" href=\"https:\/\/algicel.pt\/de\/geschaftsbedingungen\/\" \/>\n<meta property=\"og:locale\" content=\"de_DE\" \/>\n<meta property=\"og:type\" content=\"article\" \/>\n<meta property=\"og:title\" content=\"Termos e Condi\u00e7\u00f5es - Algicel\" \/>\n<meta property=\"og:url\" content=\"https:\/\/algicel.pt\/de\/geschaftsbedingungen\/\" \/>\n<meta property=\"og:site_name\" content=\"Algicel\" \/>\n<meta property=\"article:modified_time\" content=\"2025-08-08T23:18:45+00:00\" \/>\n<meta name=\"twitter:card\" content=\"summary_large_image\" \/>\n<script type=\"application\/ld+json\" class=\"yoast-schema-graph\">{\"@context\":\"https:\/\/schema.org\",\"@graph\":[{\"@type\":\"WebPage\",\"@id\":\"https:\/\/algicel.pt\/termos-e-condicoes\/\",\"url\":\"https:\/\/algicel.pt\/termos-e-condicoes\/\",\"name\":\"Termos e Condi\u00e7\u00f5es - Algicel\",\"isPartOf\":{\"@id\":\"https:\/\/algicel.pt\/#website\"},\"datePublished\":\"2025-07-29T18:44:20+00:00\",\"dateModified\":\"2025-08-08T23:18:45+00:00\",\"breadcrumb\":{\"@id\":\"https:\/\/algicel.pt\/termos-e-condicoes\/#breadcrumb\"},\"inLanguage\":\"de\",\"potentialAction\":[{\"@type\":\"ReadAction\",\"target\":[\"https:\/\/algicel.pt\/termos-e-condicoes\/\"]}]},{\"@type\":\"BreadcrumbList\",\"@id\":\"https:\/\/algicel.pt\/termos-e-condicoes\/#breadcrumb\",\"itemListElement\":[{\"@type\":\"ListItem\",\"position\":1,\"name\":\"In\u00edcio\",\"item\":\"https:\/\/algicel.pt\/\"},{\"@type\":\"ListItem\",\"position\":2,\"name\":\"Termos e Condi\u00e7\u00f5es\"}]},{\"@type\":\"WebSite\",\"@id\":\"https:\/\/algicel.pt\/#website\",\"url\":\"https:\/\/algicel.pt\/\",\"name\":\"Algicel\",\"description\":\"O mais potente antioxidante natural para uma vida saud\u00e1vel\",\"potentialAction\":[{\"@type\":\"SearchAction\",\"target\":{\"@type\":\"EntryPoint\",\"urlTemplate\":\"https:\/\/algicel.pt\/?s={search_term_string}\"},\"query-input\":{\"@type\":\"PropertyValueSpecification\",\"valueRequired\":true,\"valueName\":\"search_term_string\"}}],\"inLanguage\":\"de\"}]}<\/script>\n<!-- \/ Yoast SEO plugin. -->","yoast_head_json":{"title":"Bedingungen und Konditionen - Algicel","robots":{"index":"index","follow":"follow","max-snippet":"max-snippet:-1","max-image-preview":"max-image-preview:large","max-video-preview":"max-video-preview:-1"},"canonical":"https:\/\/algicel.pt\/de\/geschaftsbedingungen\/","og_locale":"de_DE","og_type":"article","og_title":"Termos e Condi\u00e7\u00f5es - Algicel","og_url":"https:\/\/algicel.pt\/de\/geschaftsbedingungen\/","og_site_name":"Algicel","article_modified_time":"2025-08-08T23:18:45+00:00","twitter_card":"summary_large_image","schema":{"@context":"https:\/\/schema.org","@graph":[{"@type":"WebPage","@id":"https:\/\/algicel.pt\/termos-e-condicoes\/","url":"https:\/\/algicel.pt\/termos-e-condicoes\/","name":"Bedingungen und Konditionen - Algicel","isPartOf":{"@id":"https:\/\/algicel.pt\/#website"},"datePublished":"2025-07-29T18:44:20+00:00","dateModified":"2025-08-08T23:18:45+00:00","breadcrumb":{"@id":"https:\/\/algicel.pt\/termos-e-condicoes\/#breadcrumb"},"inLanguage":"de","potentialAction":[{"@type":"ReadAction","target":["https:\/\/algicel.pt\/termos-e-condicoes\/"]}]},{"@type":"BreadcrumbList","@id":"https:\/\/algicel.pt\/termos-e-condicoes\/#breadcrumb","itemListElement":[{"@type":"ListItem","position":1,"name":"In\u00edcio","item":"https:\/\/algicel.pt\/"},{"@type":"ListItem","position":2,"name":"Termos e Condi\u00e7\u00f5es"}]},{"@type":"WebSite","@id":"https:\/\/algicel.pt\/#website","url":"https:\/\/algicel.pt\/","name":"Algicel","description":"Das st\u00e4rkste nat\u00fcrliche Antioxidans f\u00fcr ein gesundes Leben","potentialAction":[{"@type":"SearchAction","target":{"@type":"EntryPoint","urlTemplate":"https:\/\/algicel.pt\/?s={search_term_string}"},"query-input":{"@type":"PropertyValueSpecification","valueRequired":true,"valueName":"search_term_string"}}],"inLanguage":"de"}]}},"_links":{"self":[{"href":"https:\/\/algicel.pt\/de\/wp-json\/wp\/v2\/pages\/23","targetHints":{"allow":["GET"]}}],"collection":[{"href":"https:\/\/algicel.pt\/de\/wp-json\/wp\/v2\/pages"}],"about":[{"href":"https:\/\/algicel.pt\/de\/wp-json\/wp\/v2\/types\/page"}],"author":[{"embeddable":true,"href":"https:\/\/algicel.pt\/de\/wp-json\/wp\/v2\/users\/1"}],"replies":[{"embeddable":true,"href":"https:\/\/algicel.pt\/de\/wp-json\/wp\/v2\/comments?post=23"}],"version-history":[{"count":21,"href":"https:\/\/algicel.pt\/de\/wp-json\/wp\/v2\/pages\/23\/revisions"}],"predecessor-version":[{"id":1842,"href":"https:\/\/algicel.pt\/de\/wp-json\/wp\/v2\/pages\/23\/revisions\/1842"}],"wp:attachment":[{"href":"https:\/\/algicel.pt\/de\/wp-json\/wp\/v2\/media?parent=23"}],"curies":[{"name":"wp","href":"https:\/\/api.w.org\/{rel}","templated":true}]}}