{"id":658,"date":"2025-07-30T22:07:54","date_gmt":"2025-07-30T22:07:54","guid":{"rendered":"https:\/\/algicel.pt\/?page_id=658"},"modified":"2025-11-15T17:28:44","modified_gmt":"2025-11-15T17:28:44","slug":"astaxanthin","status":"publish","type":"page","link":"https:\/\/algicel.pt\/de\/astaxanthin\/","title":{"rendered":"Astaxanthin"},"content":{"rendered":"<div class=\"et_pb_section_0 et_pb_section et_section_regular et_flex_section\">\n<div class=\"et_pb_row_0 et_pb_row et_flex_row\">\n<div class=\"et_pb_column_0 et_pb_column et-last-child et_flex_column et_pb_css_mix_blend_mode_passthrough et_flex_column_24_24\">\n<div class=\"et_pb_text_0 et_pb_text et_pb_bg_layout_light et_animated et_pb_module et_block_module\"><div class=\"et_pb_text_inner\"><h1>Astaxanthin<\/h1>\n<\/div><\/div>\n<\/div>\n<\/div>\n\n<div class=\"et_pb_row_1 et_pb_row et_flex_row\">\n<div class=\"et_pb_column_1 et_pb_column et_flex_column et_pb_css_mix_blend_mode_passthrough et_flex_column_2_5 et_flex_column_24_24_phone et_flex_column_24_24_phoneWide\">\n<div class=\"et_pb_image_0 et_pb_image et_animated et_pb_module et_block_module\"><span class=\"et_pb_image_wrap\"><img loading=\"lazy\" decoding=\"async\" src=\"https:\/\/algicel.pt\/wp-content\/uploads\/2025\/09\/microalgas-algicel.webp\" width=\"408\" height=\"408\" srcset=\"https:\/\/algicel.pt\/wp-content\/uploads\/2025\/09\/microalgas-algicel.webp 408w, https:\/\/algicel.pt\/wp-content\/uploads\/2025\/09\/microalgas-algicel-300x300.webp 300w, https:\/\/algicel.pt\/wp-content\/uploads\/2025\/09\/microalgas-algicel-150x150.webp 150w, https:\/\/algicel.pt\/wp-content\/uploads\/2025\/09\/microalgas-algicel-12x12.webp 12w, https:\/\/algicel.pt\/wp-content\/uploads\/2025\/09\/microalgas-algicel-100x100.webp 100w\" sizes=\"(max-width: 408px) 100vw, 408px\" class=\"wp-image-8210\" \/><\/span><\/div>\n<\/div>\n\n<div class=\"et_pb_column_2 et_pb_column et-last-child et_flex_column et_pb_css_mix_blend_mode_passthrough et_flex_column_3_5 et_flex_column_24_24_phone et_flex_column_24_24_phoneWide\">\n<div class=\"et_pb_text_1 et_pb_text et_pb_bg_layout_light et_animated et_pb_module et_block_module\"><div class=\"et_pb_text_inner\"><p>Astaxanthin, das aus der Mikroalge Haematococcus pluvialis gewonnen wird und somit gentechnikfreien pflanzlichen Ursprungs ist, ist ein Carotinoidpigment mit einem breiten Anwendungsspektrum in der Lebensmittel-, Kosmetik- und Pharmaindustrie.<\/p>\n<\/div><\/div>\n\n<div class=\"et_pb_text_2 et_pb_text et_pb_bg_layout_light et_animated et_pb_module et_block_module\"><div class=\"et_pb_text_inner\"><p>Astaxanthin ist eine fantastische Substanz, es ist 6000-mal wirksamer als Vitamin C und 500-mal wirksamer als Vitamin E.<\/p>\n<\/div><\/div>\n<\/div>\n<\/div>\n<\/div>\n\n<div class=\"et_pb_section_1 et_pb_section et_section_regular et_flex_section et_pb_section_parallax\"><span class=\"et-pb-parallax-wrapper\"><span class=\"et-pb-parallax-background et-pb-parallax-background_phone et-pb-parallax-background_phone-module--divi-section-1\" style=\"background-image:url(https:\/\/algicel.pt\/wp-content\/uploads\/2025\/08\/sede-algicel-scaled.webp)\"><\/span><\/span>\n<div class=\"et_pb_row_2 et_pb_row et-vb-row--no-module et_flex_row\">\n<div class=\"et_pb_column_3 et_pb_column et-last-child et_flex_column et_pb_column_empty et_pb_css_mix_blend_mode_passthrough et_flex_column_24_24\"><\/div>\n<\/div>\n<\/div>\n\n<div class=\"et_pb_section_2 et_pb_section et_section_regular et_flex_section\">\n<div class=\"et_pb_row_3 et_pb_row et_flex_row\">\n<div class=\"et_pb_column_4 et_pb_column et-last-child et_flex_column et_pb_css_mix_blend_mode_passthrough et_flex_column_24_24\">\n<div class=\"et_pb_text_3 et_pb_text et_pb_bg_layout_light et_animated et_pb_module et_block_module\"><div class=\"et_pb_text_inner\"><p>Reines, sicheres und zuverl\u00e4ssiges nat\u00fcrliches Astaxanthin \u2013 das st\u00e4rkste Antioxidans der Natur \u2013 ist der Stolz von Algicel. Unser nat\u00fcrliches Astaxanthin ist einzigartig, da es aus einheimischen Mikroalgen (Haematococcus pluvialis) aus den nat\u00fcrlichen Gew\u00e4ssern der Azoren gewonnen wird. Die Azoren bieten mit ihrem idealen Klima und ihrer sauberen Umwelt beste Bedingungen f\u00fcr das Gedeihen von Mikroalgen. Technik und Technologie stehen bei Algicel im Mittelpunkt. Wir entwickeln Prozesse und technologische L\u00f6sungen f\u00fcr die Herstellung von Produkten h\u00f6chster Qualit\u00e4t. In unserer Produktionsanlage garantieren wir Reinheit, Sicherheit und Zuverl\u00e4ssigkeit.<\/p>\n<p>Als starkes Antioxidans hat Astaxanthin zahlreiche Funktionen und Vorteile. Seine bemerkenswerte F\u00e4higkeit, oxidativen Stress zu bek\u00e4mpfen, und seine nat\u00fcrliche entz\u00fcndungshemmende Wirkung machen es zu einem Nahrungserg\u00e4nzungsmittel, das die allgemeine Gesundheit verbessern kann. Insbesondere kann Astaxanthin dazu beitragen, jugendliche, UV-best\u00e4ndige Haut zu erhalten, die Augengesundheit zu f\u00f6rdern und die Aktivit\u00e4t und Anzahl der Zellen des Immunsystems zu erh\u00f6hen. Astaxanthin kann die Lebensf\u00e4higkeit von Tumorzellen verringern und das Lipidprofil sowie andere Stoffwechselparameter verbessern und gleichzeitig das Herz-Kreislauf-System sch\u00fctzen. Astaxanthin kann zur Blutzuckerkontrolle beitragen und die Trainingsleistung verbessern, indem es vor induzierten Muskel- und Gewebesch\u00e4den sch\u00fctzt, M\u00fcdigkeit reduziert und die Erholungszeit verk\u00fcrzt. Dar\u00fcber hinaus kann Astaxanthin die Blut-Hirn-Schranke \u00fcberwinden, eine hochselektive Barriere, die f\u00fcr die meisten Substanzen undurchl\u00e4ssig ist. Dank dieser Eigenschaft tr\u00e4gt es zur Gesundheit des Gehirns bei, erh\u00e4lt die normale kognitive Funktion und bietet neuronalen Schutz.<\/p>\n<\/div><\/div>\n<\/div>\n<\/div>\n<\/div>","protected":false},"excerpt":{"rendered":"","protected":false},"author":1,"featured_media":0,"parent":0,"menu_order":0,"comment_status":"closed","ping_status":"closed","template":"","meta":{"footnotes":""},"class_list":["post-658","page","type-page","status-publish","hentry"],"yoast_head":"<!-- This site is optimized with the Yoast SEO plugin v26.7 - https:\/\/yoast.com\/wordpress\/plugins\/seo\/ -->\n<title>Astaxantina - Algicel<\/title>\n<meta name=\"robots\" content=\"index, follow, max-snippet:-1, max-image-preview:large, max-video-preview:-1\" \/>\n<link rel=\"canonical\" href=\"https:\/\/algicel.pt\/de\/astaxanthin\/\" \/>\n<meta property=\"og:locale\" content=\"de_DE\" \/>\n<meta property=\"og:type\" content=\"article\" \/>\n<meta property=\"og:title\" content=\"Astaxantina - Algicel\" \/>\n<meta property=\"og:url\" content=\"https:\/\/algicel.pt\/de\/astaxanthin\/\" \/>\n<meta property=\"og:site_name\" content=\"Algicel\" \/>\n<meta property=\"article:modified_time\" content=\"2025-11-15T17:28:44+00:00\" \/>\n<meta name=\"twitter:card\" content=\"summary_large_image\" \/>\n<script type=\"application\/ld+json\" class=\"yoast-schema-graph\">{\"@context\":\"https:\/\/schema.org\",\"@graph\":[{\"@type\":\"WebPage\",\"@id\":\"https:\/\/algicel.pt\/astaxantina\/\",\"url\":\"https:\/\/algicel.pt\/astaxantina\/\",\"name\":\"Astaxantina - Algicel\",\"isPartOf\":{\"@id\":\"https:\/\/algicel.pt\/#website\"},\"datePublished\":\"2025-07-30T22:07:54+00:00\",\"dateModified\":\"2025-11-15T17:28:44+00:00\",\"breadcrumb\":{\"@id\":\"https:\/\/algicel.pt\/astaxantina\/#breadcrumb\"},\"inLanguage\":\"de\",\"potentialAction\":[{\"@type\":\"ReadAction\",\"target\":[\"https:\/\/algicel.pt\/astaxantina\/\"]}]},{\"@type\":\"BreadcrumbList\",\"@id\":\"https:\/\/algicel.pt\/astaxantina\/#breadcrumb\",\"itemListElement\":[{\"@type\":\"ListItem\",\"position\":1,\"name\":\"In\u00edcio\",\"item\":\"https:\/\/algicel.pt\/\"},{\"@type\":\"ListItem\",\"position\":2,\"name\":\"Astaxantina\"}]},{\"@type\":\"WebSite\",\"@id\":\"https:\/\/algicel.pt\/#website\",\"url\":\"https:\/\/algicel.pt\/\",\"name\":\"Algicel\",\"description\":\"O mais potente antioxidante natural para uma vida saud\u00e1vel\",\"potentialAction\":[{\"@type\":\"SearchAction\",\"target\":{\"@type\":\"EntryPoint\",\"urlTemplate\":\"https:\/\/algicel.pt\/?s={search_term_string}\"},\"query-input\":{\"@type\":\"PropertyValueSpecification\",\"valueRequired\":true,\"valueName\":\"search_term_string\"}}],\"inLanguage\":\"de\"}]}<\/script>\n<!-- \/ Yoast SEO plugin. -->","yoast_head_json":{"title":"Astaxanthin - Algicel","robots":{"index":"index","follow":"follow","max-snippet":"max-snippet:-1","max-image-preview":"max-image-preview:large","max-video-preview":"max-video-preview:-1"},"canonical":"https:\/\/algicel.pt\/de\/astaxanthin\/","og_locale":"de_DE","og_type":"article","og_title":"Astaxantina - Algicel","og_url":"https:\/\/algicel.pt\/de\/astaxanthin\/","og_site_name":"Algicel","article_modified_time":"2025-11-15T17:28:44+00:00","twitter_card":"summary_large_image","schema":{"@context":"https:\/\/schema.org","@graph":[{"@type":"WebPage","@id":"https:\/\/algicel.pt\/astaxantina\/","url":"https:\/\/algicel.pt\/astaxantina\/","name":"Astaxanthin - Algicel","isPartOf":{"@id":"https:\/\/algicel.pt\/#website"},"datePublished":"2025-07-30T22:07:54+00:00","dateModified":"2025-11-15T17:28:44+00:00","breadcrumb":{"@id":"https:\/\/algicel.pt\/astaxantina\/#breadcrumb"},"inLanguage":"de","potentialAction":[{"@type":"ReadAction","target":["https:\/\/algicel.pt\/astaxantina\/"]}]},{"@type":"BreadcrumbList","@id":"https:\/\/algicel.pt\/astaxantina\/#breadcrumb","itemListElement":[{"@type":"ListItem","position":1,"name":"In\u00edcio","item":"https:\/\/algicel.pt\/"},{"@type":"ListItem","position":2,"name":"Astaxantina"}]},{"@type":"WebSite","@id":"https:\/\/algicel.pt\/#website","url":"https:\/\/algicel.pt\/","name":"Algicel","description":"Das st\u00e4rkste nat\u00fcrliche Antioxidans f\u00fcr ein gesundes Leben","potentialAction":[{"@type":"SearchAction","target":{"@type":"EntryPoint","urlTemplate":"https:\/\/algicel.pt\/?s={search_term_string}"},"query-input":{"@type":"PropertyValueSpecification","valueRequired":true,"valueName":"search_term_string"}}],"inLanguage":"de"}]}},"_links":{"self":[{"href":"https:\/\/algicel.pt\/de\/wp-json\/wp\/v2\/pages\/658","targetHints":{"allow":["GET"]}}],"collection":[{"href":"https:\/\/algicel.pt\/de\/wp-json\/wp\/v2\/pages"}],"about":[{"href":"https:\/\/algicel.pt\/de\/wp-json\/wp\/v2\/types\/page"}],"author":[{"embeddable":true,"href":"https:\/\/algicel.pt\/de\/wp-json\/wp\/v2\/users\/1"}],"replies":[{"embeddable":true,"href":"https:\/\/algicel.pt\/de\/wp-json\/wp\/v2\/comments?post=658"}],"version-history":[{"count":26,"href":"https:\/\/algicel.pt\/de\/wp-json\/wp\/v2\/pages\/658\/revisions"}],"predecessor-version":[{"id":26543,"href":"https:\/\/algicel.pt\/de\/wp-json\/wp\/v2\/pages\/658\/revisions\/26543"}],"wp:attachment":[{"href":"https:\/\/algicel.pt\/de\/wp-json\/wp\/v2\/media?parent=658"}],"curies":[{"name":"wp","href":"https:\/\/api.w.org\/{rel}","templated":true}]}}