{"id":166,"date":"2025-07-29T07:54:31","date_gmt":"2025-07-29T07:54:31","guid":{"rendered":"https:\/\/algicel.pt\/?post_type=product&#038;p=166"},"modified":"2026-02-12T16:49:31","modified_gmt":"2026-02-12T16:49:31","slug":"azora-astaxanthin-kapseln","status":"publish","type":"product","link":"https:\/\/algicel.pt\/de\/produkt\/azora-astaxanthin-kapseln\/","title":{"rendered":"Azora astaxanthin \u2013 Kapseln"},"content":{"rendered":"","protected":false},"excerpt":{"rendered":"<p><strong>Azora astaxanthin ist ein starkes nat\u00fcrliches Antioxidans mit entz\u00fcndungshemmender und hoher Wirksamkeit.<\/strong><\/p>\n<p><strong>7 Hauptvorteile von Astaxanth:<\/strong><\/p>\n<ul>\n<li>Verst\u00e4rkung des Immunsystems;<\/li>\n<li>Zellschutz gegen oxidativen Stress und chronische Entz\u00fcndungen;<\/li>\n<li>Neurodegenerative Erkrankungen;<\/li>\n<li>Herz-Kreislauf-Erkrankungen;<\/li>\n<li>Gelenkschmerzen;<\/li>\n<li>M\u00fcdigkeit und Energie;<\/li>\n<li>Chronische Wunden.<\/li>\n<\/ul>\n<p><strong>Azora astaxanthin kann helfen:<\/strong><br \/>\nImmunit\u00e4tssystem \u2013 Astaxantin erh\u00f6ht die NK -Zellaktivit\u00e4t und die Subpopulation von B- und T -Zellen unseres Immunsystems. Machen Sie ein Blut vor und nach der Einnahme und sehen Sie die Unterschiede an.<\/p>\n<p><strong>Oxidativer Stress<\/strong> - Freie Radikale k\u00f6nnen oxidative Sch\u00e4den verursachen, die die Ursache vieler Krankheiten sind. Als starkes Antioxidans hilft Astaxanthin, freie Radikale zu neutralisieren und die Lebensf\u00e4higkeit und Migration von Krebszellen zu verringern.<\/p>\n<p><strong>Neurodegenerative Krankheiten<\/strong> - Astaxanthin \u00fcberwindet problemlos die Blut-Hirn-Schranke, die f\u00fcr die meisten Stoffe eine sehr selektive Barriere darstellt, und kann daher dazu beitragen, das Risiko neurodegenerativer Erkrankungen zu verringern.<\/p>\n<p><strong>Herz-Kreislauf-Erkrankungen<\/strong> - Der Schutz des Herz-Kreislauf-Systems ist von entscheidender Bedeutung, denn nur so lassen sich Schlaganf\u00e4lle, Herzinfarkte und andere schwerwiegende Probleme vermeiden.<\/p>\n<p><strong>Gelenkschmerzen<\/strong> - Durch seine nat\u00fcrliche entz\u00fcndungshemmende Wirkung werden Schmerzen gelindert.<\/p>\n<p><strong>M\u00fcdigkeit und Energie<\/strong> - Weniger M\u00fcdigkeit und mehr Vitalit\u00e4t sind sp\u00fcrbare Auswirkungen. Die Erholung nach intensiver k\u00f6rperlicher Bet\u00e4tigung ist schneller.<\/p>\n<p>Chronische Wunden - Chronische Wunden heilen in kurzer Zeit<\/p>\n<p>Garantierendite - 100% Zufriedenheit<br \/>\nIhre Zufriedenheit ist f\u00fcr uns sehr wichtig. Bitte beachten Sie, dass es Effekte gibt, die leicht bemerkenswert sind, und andere, die nicht leicht wahrgenommen werden k\u00f6nnen. Die Linderung von Gelenkschmerzen, Verringerung von M\u00fcdigkeit, mehr Energie und Vitalit\u00e4t oder chronische Wundheilung sind leicht zu bemerken. Zum Beispiel wird die Verst\u00e4rkung des Immunsystems jedoch nur dann erheblich wahrgenommen, wenn eine Blutzahl vor und nach der Verwendung. Wenn Sie nicht voll zufrieden sind, geben wir Ihren Wert ohne Komplikationen zur\u00fcck.<\/p>\n<p>Was unsere Kunden \u00fcber uns sagen<\/p>","protected":false},"featured_media":641,"comment_status":"closed","ping_status":"closed","template":"","meta":[],"product_brand":[],"product_cat":[23],"product_tag":[],"class_list":{"0":"post-166","1":"product","2":"type-product","3":"status-publish","4":"has-post-thumbnail","6":"product_cat-sem-categoria","8":"first","9":"instock","10":"shipping-taxable","11":"purchasable","12":"product-type-simple"},"yoast_head":"<!-- This site is optimized with the Yoast SEO plugin v26.7 - https:\/\/yoast.com\/wordpress\/plugins\/seo\/ -->\n<title>Azora Astaxanthin \u2013 C\u00e1psulas - Algicel<\/title>\n<meta name=\"robots\" content=\"index, follow, max-snippet:-1, max-image-preview:large, max-video-preview:-1\" \/>\n<link rel=\"canonical\" href=\"https:\/\/algicel.pt\/de\/produkt\/azora-astaxanthin-kapseln\/\" \/>\n<meta property=\"og:locale\" content=\"de_DE\" \/>\n<meta property=\"og:type\" content=\"article\" \/>\n<meta property=\"og:title\" content=\"Azora Astaxanthin \u2013 C\u00e1psulas - Algicel\" \/>\n<meta property=\"og:description\" content=\"Azora Astaxanthin \u00e9 um potente antioxidante natural, com actividade anti-inflamat\u00f3ria e de alta efic\u00e1cia.  7 principais benef\u00edcios da astaxantina:   Refor\u00e7o do sistema imunit\u00e1rio;  Protec\u00e7\u00e3o celular contra stress oxidativo e inflama\u00e7\u00e3o cr\u00f3nica;  Doen\u00e7as neurodegenerativas;  Doen\u00e7as cardiovasculares;  Dores nas articula\u00e7\u00f5es;  Cansa\u00e7o e energia;  Feridas cr\u00f3nicas.  Azora Astaxanthin pode ajudar: Sistema Imunit\u00e1rio \u2013 A astaxantina aumenta a atividade das c\u00e9lulas NK e a subpopula\u00e7\u00e3o das c\u00e9lulas B e T do nosso sistema imunit\u00e1rio. Fa\u00e7a um hemograma antes e depois da toma e veja as diferen\u00e7as.  Stress oxidativo \u2013 Os radicais livres podem causar danos oxidativos que est\u00e3o na origem de v\u00e1rias doen\u00e7as. A astaxantina como potente antioxidante ajuda a neutralizar os radicais livres e a reduzir a viabilidade e migra\u00e7\u00e3o das c\u00e9lulas cancer\u00edgenas.  Doen\u00e7as Neurodegenerativas \u2013 A astaxantina passa facilmente a barreira hematoencef\u00e1lica, que \u00e9 uma barreira muito seletiva \u00e0 maior parte das subst\u00e2ncias, por isso pode auxiliar na redu\u00e7\u00e3o do risco de doen\u00e7as neurodegenerativas.  Doen\u00e7as Cardiovasculares \u2013 A prote\u00e7\u00e3o do sistema cardiovascular \u00e9 fundamental, pois s\u00f3 assim se evitam AVC\u2019s, enfartes e outros problemas graves.  Dores nas Articula\u00e7\u00f5es \u2013 Devido \u00e0 sua atividade anti-inflamat\u00f3ria natural, ocorre o al\u00edvio das dores.  Cansa\u00e7o e Energia \u2013 Menos cansa\u00e7o e mais vitalidade s\u00e3o efeitos notados. A recupera\u00e7\u00e3o ap\u00f3s exerc\u00edcio f\u00edsico intenso \u00e9 mais r\u00e1pida.  Feridas Cr\u00f3nicas \u2013 As feridas cr\u00f3nicas cicatrizam num curto espa\u00e7o de tempo  Garantia devolu\u00e7\u00e3o de dinheiro \u2013 100% satisfa\u00e7\u00e3o A sua satisfa\u00e7\u00e3o \u00e9 muito importante para n\u00f3s. Tenha em aten\u00e7\u00e3o que existem efeitos que s\u00e3o notados f\u00e1cilmente e outros que n\u00e3o s\u00e3o de f\u00e1cil percep\u00e7\u00e3o. O al\u00edvio das dores nas articula\u00e7\u00f5es, a redu\u00e7\u00e3o do cansa\u00e7o, mais energia e vitalidade, ou a cicatriza\u00e7\u00e3o de feridas cr\u00f3nicas s\u00e3o efeitos que podem ser notados facilmente. No entanto, por exemplo, o refor\u00e7o do sistema imunit\u00e1rio s\u00f3 ser\u00e1 percebido de forma significativa se realizar um hemograma antes e depois da utiliza\u00e7\u00e3o. De qualquer forma, se n\u00e3o ficar totalmente satisfeito, devolvemos o seu valor sem complica\u00e7\u00f5es.  O que dizem os nossos clientes sobre n\u00f3s\" \/>\n<meta property=\"og:url\" content=\"https:\/\/algicel.pt\/de\/produkt\/azora-astaxanthin-kapseln\/\" \/>\n<meta property=\"og:site_name\" content=\"Algicel\" \/>\n<meta property=\"article:modified_time\" content=\"2026-02-12T16:49:31+00:00\" \/>\n<meta property=\"og:image\" content=\"https:\/\/algicel.pt\/wp-content\/uploads\/2025\/07\/Azora-Astaxanthin-\u2013-CapsulasCaixa.webp\" \/>\n\t<meta property=\"og:image:width\" content=\"1200\" \/>\n\t<meta property=\"og:image:height\" content=\"1200\" \/>\n\t<meta property=\"og:image:type\" content=\"image\/webp\" \/>\n<meta name=\"twitter:card\" content=\"summary_large_image\" \/>\n<meta name=\"twitter:label1\" content=\"Gesch\u00e4tzte Lesezeit\" \/>\n\t<meta name=\"twitter:data1\" content=\"1\u00a0Minute\" \/>\n<script type=\"application\/ld+json\" class=\"yoast-schema-graph\">{\"@context\":\"https:\/\/schema.org\",\"@graph\":[{\"@type\":\"WebPage\",\"@id\":\"https:\/\/algicel.pt\/produto\/azora-astaxanthin-capsulas\/\",\"url\":\"https:\/\/algicel.pt\/produto\/azora-astaxanthin-capsulas\/\",\"name\":\"Azora Astaxanthin \u2013 C\u00e1psulas - Algicel\",\"isPartOf\":{\"@id\":\"https:\/\/algicel.pt\/#website\"},\"primaryImageOfPage\":{\"@id\":\"https:\/\/algicel.pt\/produto\/azora-astaxanthin-capsulas\/#primaryimage\"},\"image\":{\"@id\":\"https:\/\/algicel.pt\/produto\/azora-astaxanthin-capsulas\/#primaryimage\"},\"thumbnailUrl\":\"https:\/\/algicel.pt\/wp-content\/uploads\/2025\/07\/Azora-Astaxanthin-\u2013-CapsulasCaixa.webp\",\"datePublished\":\"2025-07-29T07:54:31+00:00\",\"dateModified\":\"2026-02-12T16:49:31+00:00\",\"breadcrumb\":{\"@id\":\"https:\/\/algicel.pt\/produto\/azora-astaxanthin-capsulas\/#breadcrumb\"},\"inLanguage\":\"de\",\"potentialAction\":[{\"@type\":\"ReadAction\",\"target\":[\"https:\/\/algicel.pt\/produto\/azora-astaxanthin-capsulas\/\"]}]},{\"@type\":\"ImageObject\",\"inLanguage\":\"de\",\"@id\":\"https:\/\/algicel.pt\/produto\/azora-astaxanthin-capsulas\/#primaryimage\",\"url\":\"https:\/\/algicel.pt\/wp-content\/uploads\/2025\/07\/Azora-Astaxanthin-\u2013-CapsulasCaixa.webp\",\"contentUrl\":\"https:\/\/algicel.pt\/wp-content\/uploads\/2025\/07\/Azora-Astaxanthin-\u2013-CapsulasCaixa.webp\",\"width\":1200,\"height\":1200},{\"@type\":\"BreadcrumbList\",\"@id\":\"https:\/\/algicel.pt\/produto\/azora-astaxanthin-capsulas\/#breadcrumb\",\"itemListElement\":[{\"@type\":\"ListItem\",\"position\":1,\"name\":\"In\u00edcio\",\"item\":\"https:\/\/algicel.pt\/\"},{\"@type\":\"ListItem\",\"position\":2,\"name\":\"Loja\",\"item\":\"https:\/\/algicel.pt\/loja\/\"},{\"@type\":\"ListItem\",\"position\":3,\"name\":\"Azora Astaxanthin \u2013 C\u00e1psulas\"}]},{\"@type\":\"WebSite\",\"@id\":\"https:\/\/algicel.pt\/#website\",\"url\":\"https:\/\/algicel.pt\/\",\"name\":\"Algicel\",\"description\":\"O mais potente antioxidante natural para uma vida saud\u00e1vel\",\"potentialAction\":[{\"@type\":\"SearchAction\",\"target\":{\"@type\":\"EntryPoint\",\"urlTemplate\":\"https:\/\/algicel.pt\/?s={search_term_string}\"},\"query-input\":{\"@type\":\"PropertyValueSpecification\",\"valueRequired\":true,\"valueName\":\"search_term_string\"}}],\"inLanguage\":\"de\"}]}<\/script>\n<!-- \/ Yoast SEO plugin. -->","yoast_head_json":{"title":"Azora Astaxanthin - Kapseln - Algicel","robots":{"index":"index","follow":"follow","max-snippet":"max-snippet:-1","max-image-preview":"max-image-preview:large","max-video-preview":"max-video-preview:-1"},"canonical":"https:\/\/algicel.pt\/de\/produkt\/azora-astaxanthin-kapseln\/","og_locale":"de_DE","og_type":"article","og_title":"Azora Astaxanthin \u2013 C\u00e1psulas - Algicel","og_description":"Azora Astaxanthin \u00e9 um potente antioxidante natural, com actividade anti-inflamat\u00f3ria e de alta efic\u00e1cia.  7 principais benef\u00edcios da astaxantina:   Refor\u00e7o do sistema imunit\u00e1rio;  Protec\u00e7\u00e3o celular contra stress oxidativo e inflama\u00e7\u00e3o cr\u00f3nica;  Doen\u00e7as neurodegenerativas;  Doen\u00e7as cardiovasculares;  Dores nas articula\u00e7\u00f5es;  Cansa\u00e7o e energia;  Feridas cr\u00f3nicas.  Azora Astaxanthin pode ajudar: Sistema Imunit\u00e1rio \u2013 A astaxantina aumenta a atividade das c\u00e9lulas NK e a subpopula\u00e7\u00e3o das c\u00e9lulas B e T do nosso sistema imunit\u00e1rio. Fa\u00e7a um hemograma antes e depois da toma e veja as diferen\u00e7as.  Stress oxidativo \u2013 Os radicais livres podem causar danos oxidativos que est\u00e3o na origem de v\u00e1rias doen\u00e7as. A astaxantina como potente antioxidante ajuda a neutralizar os radicais livres e a reduzir a viabilidade e migra\u00e7\u00e3o das c\u00e9lulas cancer\u00edgenas.  Doen\u00e7as Neurodegenerativas \u2013 A astaxantina passa facilmente a barreira hematoencef\u00e1lica, que \u00e9 uma barreira muito seletiva \u00e0 maior parte das subst\u00e2ncias, por isso pode auxiliar na redu\u00e7\u00e3o do risco de doen\u00e7as neurodegenerativas.  Doen\u00e7as Cardiovasculares \u2013 A prote\u00e7\u00e3o do sistema cardiovascular \u00e9 fundamental, pois s\u00f3 assim se evitam AVC\u2019s, enfartes e outros problemas graves.  Dores nas Articula\u00e7\u00f5es \u2013 Devido \u00e0 sua atividade anti-inflamat\u00f3ria natural, ocorre o al\u00edvio das dores.  Cansa\u00e7o e Energia \u2013 Menos cansa\u00e7o e mais vitalidade s\u00e3o efeitos notados. A recupera\u00e7\u00e3o ap\u00f3s exerc\u00edcio f\u00edsico intenso \u00e9 mais r\u00e1pida.  Feridas Cr\u00f3nicas \u2013 As feridas cr\u00f3nicas cicatrizam num curto espa\u00e7o de tempo  Garantia devolu\u00e7\u00e3o de dinheiro \u2013 100% satisfa\u00e7\u00e3o A sua satisfa\u00e7\u00e3o \u00e9 muito importante para n\u00f3s. Tenha em aten\u00e7\u00e3o que existem efeitos que s\u00e3o notados f\u00e1cilmente e outros que n\u00e3o s\u00e3o de f\u00e1cil percep\u00e7\u00e3o. O al\u00edvio das dores nas articula\u00e7\u00f5es, a redu\u00e7\u00e3o do cansa\u00e7o, mais energia e vitalidade, ou a cicatriza\u00e7\u00e3o de feridas cr\u00f3nicas s\u00e3o efeitos que podem ser notados facilmente. No entanto, por exemplo, o refor\u00e7o do sistema imunit\u00e1rio s\u00f3 ser\u00e1 percebido de forma significativa se realizar um hemograma antes e depois da utiliza\u00e7\u00e3o. De qualquer forma, se n\u00e3o ficar totalmente satisfeito, devolvemos o seu valor sem complica\u00e7\u00f5es.  O que dizem os nossos clientes sobre n\u00f3s","og_url":"https:\/\/algicel.pt\/de\/produkt\/azora-astaxanthin-kapseln\/","og_site_name":"Algicel","article_modified_time":"2026-02-12T16:49:31+00:00","og_image":[{"width":1200,"height":1200,"url":"https:\/\/algicel.pt\/wp-content\/uploads\/2025\/07\/Azora-Astaxanthin-\u2013-CapsulasCaixa.webp","type":"image\/webp"}],"twitter_card":"summary_large_image","twitter_misc":{"Gesch\u00e4tzte Lesezeit":"1\u00a0Minute"},"schema":{"@context":"https:\/\/schema.org","@graph":[{"@type":"WebPage","@id":"https:\/\/algicel.pt\/produto\/azora-astaxanthin-capsulas\/","url":"https:\/\/algicel.pt\/produto\/azora-astaxanthin-capsulas\/","name":"Azora Astaxanthin - Kapseln - Algicel","isPartOf":{"@id":"https:\/\/algicel.pt\/#website"},"primaryImageOfPage":{"@id":"https:\/\/algicel.pt\/produto\/azora-astaxanthin-capsulas\/#primaryimage"},"image":{"@id":"https:\/\/algicel.pt\/produto\/azora-astaxanthin-capsulas\/#primaryimage"},"thumbnailUrl":"https:\/\/algicel.pt\/wp-content\/uploads\/2025\/07\/Azora-Astaxanthin-\u2013-CapsulasCaixa.webp","datePublished":"2025-07-29T07:54:31+00:00","dateModified":"2026-02-12T16:49:31+00:00","breadcrumb":{"@id":"https:\/\/algicel.pt\/produto\/azora-astaxanthin-capsulas\/#breadcrumb"},"inLanguage":"de","potentialAction":[{"@type":"ReadAction","target":["https:\/\/algicel.pt\/produto\/azora-astaxanthin-capsulas\/"]}]},{"@type":"ImageObject","inLanguage":"de","@id":"https:\/\/algicel.pt\/produto\/azora-astaxanthin-capsulas\/#primaryimage","url":"https:\/\/algicel.pt\/wp-content\/uploads\/2025\/07\/Azora-Astaxanthin-\u2013-CapsulasCaixa.webp","contentUrl":"https:\/\/algicel.pt\/wp-content\/uploads\/2025\/07\/Azora-Astaxanthin-\u2013-CapsulasCaixa.webp","width":1200,"height":1200},{"@type":"BreadcrumbList","@id":"https:\/\/algicel.pt\/produto\/azora-astaxanthin-capsulas\/#breadcrumb","itemListElement":[{"@type":"ListItem","position":1,"name":"In\u00edcio","item":"https:\/\/algicel.pt\/"},{"@type":"ListItem","position":2,"name":"Loja","item":"https:\/\/algicel.pt\/loja\/"},{"@type":"ListItem","position":3,"name":"Azora Astaxanthin \u2013 C\u00e1psulas"}]},{"@type":"WebSite","@id":"https:\/\/algicel.pt\/#website","url":"https:\/\/algicel.pt\/","name":"Algicel","description":"Das st\u00e4rkste nat\u00fcrliche Antioxidans f\u00fcr ein gesundes Leben","potentialAction":[{"@type":"SearchAction","target":{"@type":"EntryPoint","urlTemplate":"https:\/\/algicel.pt\/?s={search_term_string}"},"query-input":{"@type":"PropertyValueSpecification","valueRequired":true,"valueName":"search_term_string"}}],"inLanguage":"de"}]}},"_links":{"self":[{"href":"https:\/\/algicel.pt\/de\/wp-json\/wp\/v2\/product\/166","targetHints":{"allow":["GET"]}}],"collection":[{"href":"https:\/\/algicel.pt\/de\/wp-json\/wp\/v2\/product"}],"about":[{"href":"https:\/\/algicel.pt\/de\/wp-json\/wp\/v2\/types\/product"}],"replies":[{"embeddable":true,"href":"https:\/\/algicel.pt\/de\/wp-json\/wp\/v2\/comments?post=166"}],"wp:featuredmedia":[{"embeddable":true,"href":"https:\/\/algicel.pt\/de\/wp-json\/wp\/v2\/media\/641"}],"wp:attachment":[{"href":"https:\/\/algicel.pt\/de\/wp-json\/wp\/v2\/media?parent=166"}],"wp:term":[{"taxonomy":"product_brand","embeddable":true,"href":"https:\/\/algicel.pt\/de\/wp-json\/wp\/v2\/product_brand?post=166"},{"taxonomy":"product_cat","embeddable":true,"href":"https:\/\/algicel.pt\/de\/wp-json\/wp\/v2\/product_cat?post=166"},{"taxonomy":"product_tag","embeddable":true,"href":"https:\/\/algicel.pt\/de\/wp-json\/wp\/v2\/product_tag?post=166"}],"curies":[{"name":"wp","href":"https:\/\/api.w.org\/{rel}","templated":true}]}}