{"id":166,"date":"2025-07-29T07:54:31","date_gmt":"2025-07-29T07:54:31","guid":{"rendered":"https:\/\/algicel.pt\/?post_type=product&#038;p=166"},"modified":"2026-02-12T16:49:31","modified_gmt":"2026-02-12T16:49:31","slug":"azora-astaxanthin-capsules","status":"publish","type":"product","link":"https:\/\/algicel.pt\/en\/product\/azora-astaxanthin-capsules\/","title":{"rendered":"Azora Astaxanthin \u2013 Capsules"},"content":{"rendered":"","protected":false},"excerpt":{"rendered":"<p><strong>Azora Astaxanthin is a potent natural antioxidant, with anti-inflammatory and high effectiveness.<\/strong><\/p>\n<p><strong>7 main benefits of Astaxanth:<\/strong><\/p>\n<ul>\n<li>Reinforcement of the immune system;<\/li>\n<li>Cellular protection against oxidative stress and chronic inflammation;<\/li>\n<li>Neurodegenerative diseases;<\/li>\n<li>Cardiovascular diseases;<\/li>\n<li>Joint pain;<\/li>\n<li>Tiredness and energy;<\/li>\n<li>Chronic wounds.<\/li>\n<\/ul>\n<p><strong>Azora Astaxanthin can help:<\/strong><br \/>\nImmunity System \u2013 Astaxantine increases NK cell activity and subpopulation of B and T cells of our immune system. Make a blood count before and after taking it and see the differences.<\/p>\n<p><strong>Oxidative stress<\/strong> - Free radicals can cause oxidative damage that is at the root of many diseases. As a powerful antioxidant, astaxanthin helps neutralise free radicals and reduce the viability and migration of cancer cells.<\/p>\n<p><strong>Neurodegenerative diseases<\/strong> - Astaxanthin easily passes the blood-brain barrier, which is a very selective barrier to most substances, so it can help reduce the risk of neurodegenerative diseases.<\/p>\n<p><strong>Cardiovascular Diseases<\/strong> - Protecting the cardiovascular system is essential, as this is the only way to avoid strokes, heart attacks and other serious problems.<\/p>\n<p><strong>Joint Pain<\/strong> - Due to its natural anti-inflammatory activity, pain is relieved.<\/p>\n<p><strong>Tiredness and energy<\/strong> - Less tiredness and more vitality are noticeable effects. Recovery after intense physical exercise is faster.<\/p>\n<p>Chronic Wounds - Chronic wounds heal in a short space of time<\/p>\n<p>Warranty return of money - 100% satisfaction<br \/>\nYour satisfaction is very important to us. Please note that there are effects that are notable easily and others that are not easy to perceive. The relief of joint pain, reducing tiredness, more energy and vitality, or chronic wound healing are easily noticed effects. However, for example, reinforcement of the immune system will only be perceived significantly if a blood count before and after use. Anyway, if you are not fully satisfied, we return your value without complications.<\/p>\n<p>What our customers say about us<\/p>","protected":false},"featured_media":641,"comment_status":"closed","ping_status":"closed","template":"","meta":[],"product_brand":[],"product_cat":[23],"product_tag":[],"class_list":{"0":"post-166","1":"product","2":"type-product","3":"status-publish","4":"has-post-thumbnail","6":"product_cat-sem-categoria","8":"first","9":"instock","10":"shipping-taxable","11":"purchasable","12":"product-type-simple"},"yoast_head":"<!-- This site is optimized with the Yoast SEO plugin v26.7 - https:\/\/yoast.com\/wordpress\/plugins\/seo\/ -->\n<title>Azora Astaxanthin \u2013 C\u00e1psulas - Algicel<\/title>\n<meta name=\"robots\" content=\"index, follow, max-snippet:-1, max-image-preview:large, max-video-preview:-1\" \/>\n<link rel=\"canonical\" href=\"https:\/\/algicel.pt\/en\/product\/azora-astaxanthin-capsules\/\" \/>\n<meta property=\"og:locale\" content=\"en_GB\" \/>\n<meta property=\"og:type\" content=\"article\" \/>\n<meta property=\"og:title\" content=\"Azora Astaxanthin \u2013 C\u00e1psulas - Algicel\" \/>\n<meta property=\"og:description\" content=\"Azora Astaxanthin \u00e9 um potente antioxidante natural, com actividade anti-inflamat\u00f3ria e de alta efic\u00e1cia.  7 principais benef\u00edcios da astaxantina:   Refor\u00e7o do sistema imunit\u00e1rio;  Protec\u00e7\u00e3o celular contra stress oxidativo e inflama\u00e7\u00e3o cr\u00f3nica;  Doen\u00e7as neurodegenerativas;  Doen\u00e7as cardiovasculares;  Dores nas articula\u00e7\u00f5es;  Cansa\u00e7o e energia;  Feridas cr\u00f3nicas.  Azora Astaxanthin pode ajudar: Sistema Imunit\u00e1rio \u2013 A astaxantina aumenta a atividade das c\u00e9lulas NK e a subpopula\u00e7\u00e3o das c\u00e9lulas B e T do nosso sistema imunit\u00e1rio. Fa\u00e7a um hemograma antes e depois da toma e veja as diferen\u00e7as.  Stress oxidativo \u2013 Os radicais livres podem causar danos oxidativos que est\u00e3o na origem de v\u00e1rias doen\u00e7as. A astaxantina como potente antioxidante ajuda a neutralizar os radicais livres e a reduzir a viabilidade e migra\u00e7\u00e3o das c\u00e9lulas cancer\u00edgenas.  Doen\u00e7as Neurodegenerativas \u2013 A astaxantina passa facilmente a barreira hematoencef\u00e1lica, que \u00e9 uma barreira muito seletiva \u00e0 maior parte das subst\u00e2ncias, por isso pode auxiliar na redu\u00e7\u00e3o do risco de doen\u00e7as neurodegenerativas.  Doen\u00e7as Cardiovasculares \u2013 A prote\u00e7\u00e3o do sistema cardiovascular \u00e9 fundamental, pois s\u00f3 assim se evitam AVC\u2019s, enfartes e outros problemas graves.  Dores nas Articula\u00e7\u00f5es \u2013 Devido \u00e0 sua atividade anti-inflamat\u00f3ria natural, ocorre o al\u00edvio das dores.  Cansa\u00e7o e Energia \u2013 Menos cansa\u00e7o e mais vitalidade s\u00e3o efeitos notados. A recupera\u00e7\u00e3o ap\u00f3s exerc\u00edcio f\u00edsico intenso \u00e9 mais r\u00e1pida.  Feridas Cr\u00f3nicas \u2013 As feridas cr\u00f3nicas cicatrizam num curto espa\u00e7o de tempo  Garantia devolu\u00e7\u00e3o de dinheiro \u2013 100% satisfa\u00e7\u00e3o A sua satisfa\u00e7\u00e3o \u00e9 muito importante para n\u00f3s. Tenha em aten\u00e7\u00e3o que existem efeitos que s\u00e3o notados f\u00e1cilmente e outros que n\u00e3o s\u00e3o de f\u00e1cil percep\u00e7\u00e3o. O al\u00edvio das dores nas articula\u00e7\u00f5es, a redu\u00e7\u00e3o do cansa\u00e7o, mais energia e vitalidade, ou a cicatriza\u00e7\u00e3o de feridas cr\u00f3nicas s\u00e3o efeitos que podem ser notados facilmente. No entanto, por exemplo, o refor\u00e7o do sistema imunit\u00e1rio s\u00f3 ser\u00e1 percebido de forma significativa se realizar um hemograma antes e depois da utiliza\u00e7\u00e3o. De qualquer forma, se n\u00e3o ficar totalmente satisfeito, devolvemos o seu valor sem complica\u00e7\u00f5es.  O que dizem os nossos clientes sobre n\u00f3s\" \/>\n<meta property=\"og:url\" content=\"https:\/\/algicel.pt\/en\/product\/azora-astaxanthin-capsules\/\" \/>\n<meta property=\"og:site_name\" content=\"Algicel\" \/>\n<meta property=\"article:modified_time\" content=\"2026-02-12T16:49:31+00:00\" \/>\n<meta property=\"og:image\" content=\"https:\/\/algicel.pt\/wp-content\/uploads\/2025\/07\/Azora-Astaxanthin-\u2013-CapsulasCaixa.webp\" \/>\n\t<meta property=\"og:image:width\" content=\"1200\" \/>\n\t<meta property=\"og:image:height\" content=\"1200\" \/>\n\t<meta property=\"og:image:type\" content=\"image\/webp\" \/>\n<meta name=\"twitter:card\" content=\"summary_large_image\" \/>\n<meta name=\"twitter:label1\" content=\"Estimated reading time\" \/>\n\t<meta name=\"twitter:data1\" content=\"1 minute\" \/>\n<script type=\"application\/ld+json\" class=\"yoast-schema-graph\">{\"@context\":\"https:\/\/schema.org\",\"@graph\":[{\"@type\":\"WebPage\",\"@id\":\"https:\/\/algicel.pt\/produto\/azora-astaxanthin-capsulas\/\",\"url\":\"https:\/\/algicel.pt\/produto\/azora-astaxanthin-capsulas\/\",\"name\":\"Azora Astaxanthin \u2013 C\u00e1psulas - Algicel\",\"isPartOf\":{\"@id\":\"https:\/\/algicel.pt\/#website\"},\"primaryImageOfPage\":{\"@id\":\"https:\/\/algicel.pt\/produto\/azora-astaxanthin-capsulas\/#primaryimage\"},\"image\":{\"@id\":\"https:\/\/algicel.pt\/produto\/azora-astaxanthin-capsulas\/#primaryimage\"},\"thumbnailUrl\":\"https:\/\/algicel.pt\/wp-content\/uploads\/2025\/07\/Azora-Astaxanthin-\u2013-CapsulasCaixa.webp\",\"datePublished\":\"2025-07-29T07:54:31+00:00\",\"dateModified\":\"2026-02-12T16:49:31+00:00\",\"breadcrumb\":{\"@id\":\"https:\/\/algicel.pt\/produto\/azora-astaxanthin-capsulas\/#breadcrumb\"},\"inLanguage\":\"en-GB\",\"potentialAction\":[{\"@type\":\"ReadAction\",\"target\":[\"https:\/\/algicel.pt\/produto\/azora-astaxanthin-capsulas\/\"]}]},{\"@type\":\"ImageObject\",\"inLanguage\":\"en-GB\",\"@id\":\"https:\/\/algicel.pt\/produto\/azora-astaxanthin-capsulas\/#primaryimage\",\"url\":\"https:\/\/algicel.pt\/wp-content\/uploads\/2025\/07\/Azora-Astaxanthin-\u2013-CapsulasCaixa.webp\",\"contentUrl\":\"https:\/\/algicel.pt\/wp-content\/uploads\/2025\/07\/Azora-Astaxanthin-\u2013-CapsulasCaixa.webp\",\"width\":1200,\"height\":1200},{\"@type\":\"BreadcrumbList\",\"@id\":\"https:\/\/algicel.pt\/produto\/azora-astaxanthin-capsulas\/#breadcrumb\",\"itemListElement\":[{\"@type\":\"ListItem\",\"position\":1,\"name\":\"In\u00edcio\",\"item\":\"https:\/\/algicel.pt\/\"},{\"@type\":\"ListItem\",\"position\":2,\"name\":\"Loja\",\"item\":\"https:\/\/algicel.pt\/loja\/\"},{\"@type\":\"ListItem\",\"position\":3,\"name\":\"Azora Astaxanthin \u2013 C\u00e1psulas\"}]},{\"@type\":\"WebSite\",\"@id\":\"https:\/\/algicel.pt\/#website\",\"url\":\"https:\/\/algicel.pt\/\",\"name\":\"Algicel\",\"description\":\"O mais potente antioxidante natural para uma vida saud\u00e1vel\",\"potentialAction\":[{\"@type\":\"SearchAction\",\"target\":{\"@type\":\"EntryPoint\",\"urlTemplate\":\"https:\/\/algicel.pt\/?s={search_term_string}\"},\"query-input\":{\"@type\":\"PropertyValueSpecification\",\"valueRequired\":true,\"valueName\":\"search_term_string\"}}],\"inLanguage\":\"en-GB\"}]}<\/script>\n<!-- \/ Yoast SEO plugin. -->","yoast_head_json":{"title":"Azora Astaxanthin - Capsules - Algicel","robots":{"index":"index","follow":"follow","max-snippet":"max-snippet:-1","max-image-preview":"max-image-preview:large","max-video-preview":"max-video-preview:-1"},"canonical":"https:\/\/algicel.pt\/en\/product\/azora-astaxanthin-capsules\/","og_locale":"en_GB","og_type":"article","og_title":"Azora Astaxanthin \u2013 C\u00e1psulas - Algicel","og_description":"Azora Astaxanthin \u00e9 um potente antioxidante natural, com actividade anti-inflamat\u00f3ria e de alta efic\u00e1cia.  7 principais benef\u00edcios da astaxantina:   Refor\u00e7o do sistema imunit\u00e1rio;  Protec\u00e7\u00e3o celular contra stress oxidativo e inflama\u00e7\u00e3o cr\u00f3nica;  Doen\u00e7as neurodegenerativas;  Doen\u00e7as cardiovasculares;  Dores nas articula\u00e7\u00f5es;  Cansa\u00e7o e energia;  Feridas cr\u00f3nicas.  Azora Astaxanthin pode ajudar: Sistema Imunit\u00e1rio \u2013 A astaxantina aumenta a atividade das c\u00e9lulas NK e a subpopula\u00e7\u00e3o das c\u00e9lulas B e T do nosso sistema imunit\u00e1rio. Fa\u00e7a um hemograma antes e depois da toma e veja as diferen\u00e7as.  Stress oxidativo \u2013 Os radicais livres podem causar danos oxidativos que est\u00e3o na origem de v\u00e1rias doen\u00e7as. A astaxantina como potente antioxidante ajuda a neutralizar os radicais livres e a reduzir a viabilidade e migra\u00e7\u00e3o das c\u00e9lulas cancer\u00edgenas.  Doen\u00e7as Neurodegenerativas \u2013 A astaxantina passa facilmente a barreira hematoencef\u00e1lica, que \u00e9 uma barreira muito seletiva \u00e0 maior parte das subst\u00e2ncias, por isso pode auxiliar na redu\u00e7\u00e3o do risco de doen\u00e7as neurodegenerativas.  Doen\u00e7as Cardiovasculares \u2013 A prote\u00e7\u00e3o do sistema cardiovascular \u00e9 fundamental, pois s\u00f3 assim se evitam AVC\u2019s, enfartes e outros problemas graves.  Dores nas Articula\u00e7\u00f5es \u2013 Devido \u00e0 sua atividade anti-inflamat\u00f3ria natural, ocorre o al\u00edvio das dores.  Cansa\u00e7o e Energia \u2013 Menos cansa\u00e7o e mais vitalidade s\u00e3o efeitos notados. A recupera\u00e7\u00e3o ap\u00f3s exerc\u00edcio f\u00edsico intenso \u00e9 mais r\u00e1pida.  Feridas Cr\u00f3nicas \u2013 As feridas cr\u00f3nicas cicatrizam num curto espa\u00e7o de tempo  Garantia devolu\u00e7\u00e3o de dinheiro \u2013 100% satisfa\u00e7\u00e3o A sua satisfa\u00e7\u00e3o \u00e9 muito importante para n\u00f3s. Tenha em aten\u00e7\u00e3o que existem efeitos que s\u00e3o notados f\u00e1cilmente e outros que n\u00e3o s\u00e3o de f\u00e1cil percep\u00e7\u00e3o. O al\u00edvio das dores nas articula\u00e7\u00f5es, a redu\u00e7\u00e3o do cansa\u00e7o, mais energia e vitalidade, ou a cicatriza\u00e7\u00e3o de feridas cr\u00f3nicas s\u00e3o efeitos que podem ser notados facilmente. No entanto, por exemplo, o refor\u00e7o do sistema imunit\u00e1rio s\u00f3 ser\u00e1 percebido de forma significativa se realizar um hemograma antes e depois da utiliza\u00e7\u00e3o. De qualquer forma, se n\u00e3o ficar totalmente satisfeito, devolvemos o seu valor sem complica\u00e7\u00f5es.  O que dizem os nossos clientes sobre n\u00f3s","og_url":"https:\/\/algicel.pt\/en\/product\/azora-astaxanthin-capsules\/","og_site_name":"Algicel","article_modified_time":"2026-02-12T16:49:31+00:00","og_image":[{"width":1200,"height":1200,"url":"https:\/\/algicel.pt\/wp-content\/uploads\/2025\/07\/Azora-Astaxanthin-\u2013-CapsulasCaixa.webp","type":"image\/webp"}],"twitter_card":"summary_large_image","twitter_misc":{"Estimated reading time":"1 minute"},"schema":{"@context":"https:\/\/schema.org","@graph":[{"@type":"WebPage","@id":"https:\/\/algicel.pt\/produto\/azora-astaxanthin-capsulas\/","url":"https:\/\/algicel.pt\/produto\/azora-astaxanthin-capsulas\/","name":"Azora Astaxanthin - Capsules - Algicel","isPartOf":{"@id":"https:\/\/algicel.pt\/#website"},"primaryImageOfPage":{"@id":"https:\/\/algicel.pt\/produto\/azora-astaxanthin-capsulas\/#primaryimage"},"image":{"@id":"https:\/\/algicel.pt\/produto\/azora-astaxanthin-capsulas\/#primaryimage"},"thumbnailUrl":"https:\/\/algicel.pt\/wp-content\/uploads\/2025\/07\/Azora-Astaxanthin-\u2013-CapsulasCaixa.webp","datePublished":"2025-07-29T07:54:31+00:00","dateModified":"2026-02-12T16:49:31+00:00","breadcrumb":{"@id":"https:\/\/algicel.pt\/produto\/azora-astaxanthin-capsulas\/#breadcrumb"},"inLanguage":"en-GB","potentialAction":[{"@type":"ReadAction","target":["https:\/\/algicel.pt\/produto\/azora-astaxanthin-capsulas\/"]}]},{"@type":"ImageObject","inLanguage":"en-GB","@id":"https:\/\/algicel.pt\/produto\/azora-astaxanthin-capsulas\/#primaryimage","url":"https:\/\/algicel.pt\/wp-content\/uploads\/2025\/07\/Azora-Astaxanthin-\u2013-CapsulasCaixa.webp","contentUrl":"https:\/\/algicel.pt\/wp-content\/uploads\/2025\/07\/Azora-Astaxanthin-\u2013-CapsulasCaixa.webp","width":1200,"height":1200},{"@type":"BreadcrumbList","@id":"https:\/\/algicel.pt\/produto\/azora-astaxanthin-capsulas\/#breadcrumb","itemListElement":[{"@type":"ListItem","position":1,"name":"In\u00edcio","item":"https:\/\/algicel.pt\/"},{"@type":"ListItem","position":2,"name":"Loja","item":"https:\/\/algicel.pt\/loja\/"},{"@type":"ListItem","position":3,"name":"Azora Astaxanthin \u2013 C\u00e1psulas"}]},{"@type":"WebSite","@id":"https:\/\/algicel.pt\/#website","url":"https:\/\/algicel.pt\/","name":"Algicel","description":"The most powerful natural antioxidant for a healthy life","potentialAction":[{"@type":"SearchAction","target":{"@type":"EntryPoint","urlTemplate":"https:\/\/algicel.pt\/?s={search_term_string}"},"query-input":{"@type":"PropertyValueSpecification","valueRequired":true,"valueName":"search_term_string"}}],"inLanguage":"en-GB"}]}},"_links":{"self":[{"href":"https:\/\/algicel.pt\/en\/wp-json\/wp\/v2\/product\/166","targetHints":{"allow":["GET"]}}],"collection":[{"href":"https:\/\/algicel.pt\/en\/wp-json\/wp\/v2\/product"}],"about":[{"href":"https:\/\/algicel.pt\/en\/wp-json\/wp\/v2\/types\/product"}],"replies":[{"embeddable":true,"href":"https:\/\/algicel.pt\/en\/wp-json\/wp\/v2\/comments?post=166"}],"wp:featuredmedia":[{"embeddable":true,"href":"https:\/\/algicel.pt\/en\/wp-json\/wp\/v2\/media\/641"}],"wp:attachment":[{"href":"https:\/\/algicel.pt\/en\/wp-json\/wp\/v2\/media?parent=166"}],"wp:term":[{"taxonomy":"product_brand","embeddable":true,"href":"https:\/\/algicel.pt\/en\/wp-json\/wp\/v2\/product_brand?post=166"},{"taxonomy":"product_cat","embeddable":true,"href":"https:\/\/algicel.pt\/en\/wp-json\/wp\/v2\/product_cat?post=166"},{"taxonomy":"product_tag","embeddable":true,"href":"https:\/\/algicel.pt\/en\/wp-json\/wp\/v2\/product_tag?post=166"}],"curies":[{"name":"wp","href":"https:\/\/api.w.org\/{rel}","templated":true}]}}