{"id":23,"date":"2025-07-29T18:44:20","date_gmt":"2025-07-29T18:44:20","guid":{"rendered":"https:\/\/algicel.pt\/?page_id=23"},"modified":"2025-08-08T23:18:45","modified_gmt":"2025-08-08T23:18:45","slug":"terminos-y-condiciones","status":"publish","type":"page","link":"https:\/\/algicel.pt\/es\/terminos-y-condiciones\/","title":{"rendered":"T\u00e9rminos y Condiciones"},"content":{"rendered":"<div class=\"et_pb_section_0 et_pb_section et_section_regular et_block_section\">\n<div class=\"et_pb_row_0 et_pb_row et_pb_gutters3 et_block_row et_animated\">\n<div class=\"et_pb_column_0 et_pb_column et_pb_column_4_4 et-last-child et_block_column et_pb_css_mix_blend_mode_passthrough\">\n<div class=\"et_pb_text_0 et_pb_text et_pb_bg_layout_light et_pb_module et_flex_module\"><div class=\"et_pb_text_inner\"><h1>T\u00e9rminos y Condiciones<\/h1>\n<\/div><\/div>\n<\/div>\n<\/div>\n\n<div class=\"et_pb_row_1 et_pb_row et_flex_row et_animated\">\n<div class=\"et_pb_column_1 et_pb_column et_flex_column et_pb_css_mix_blend_mode_passthrough et_flex_column_24_24\">\n<div class=\"et_pb_text_1 et_pb_text et_pb_bg_layout_light et_pb_module et_flex_module\"><div class=\"et_pb_text_inner\"><p>\u00daltima actualizaci\u00f3n<\/p>\n<\/div><\/div>\n\n<div class=\"et_pb_text_2 et_pb_text et_pb_bg_layout_light et_pb_module et_flex_module\"><div class=\"et_pb_text_inner\"><p>Agosto 29, 2019<\/p>\n<\/div><\/div>\n<\/div>\n\n<div class=\"et_pb_column_2 et_pb_column et-last-child et_flex_column et_pb_css_mix_blend_mode_passthrough et_flex_column_24_24\">\n<div class=\"et_pb_text_3 et_pb_text et_pb_bg_layout_light et_pb_module et_flex_module\"><div class=\"et_pb_text_inner\"><p>www.algicel.pt<\/p>\n<h2>Pre\u00e1mbulo<\/h2>\n<p>1. Las presentes condiciones generales de venta se acuerdan entre Algicel, Biotecnolog\u00eda e Investiga\u00e7\u00e3o, Lda., con domicilio social en Rua Prof. Luciano da Mota Vieira, 28 \u2013 9500 -238 Ponta Delgada, n\u00famero de identificaci\u00f3n fiscal 512104492 y n\u00famero de contacto +351 926532025, en adelante denominada \u00abAlgicel\u00bb, y las personas que deseen realizar compras a trav\u00e9s del sitio web www.algicel.pt, en adelante denominadas \u00abUsuario\u00bb.<\/p>\n<p>2. Las partes acuerdan que las compras realizadas a trav\u00e9s del sitio web www.algicel.pt se regir\u00e1n exclusivamente por este contrato, con exclusi\u00f3n de cualquier condici\u00f3n previamente disponible en el sitio web.<\/p>\n<h2>Art\u00edculo 1 \u2013 Finalidad<\/h2>\n<p>1. Las presentes condiciones generales de venta tienen por objeto proporcionar y definir toda la informaci\u00f3n necesaria al Usuario sobre las modalidades de pedido, venta, pago y entrega de las compras realizadas en el sitio web www.algicel.pt<\/p>\n<p>2. Las presentes condiciones regulan todos los pasos necesarios para realizar el pedido y garantizan el seguimiento del mismo entre las Partes Contratantes.<\/p>\n<h2>Art\u00edculo 2 \u2013 Orden<\/h2>\n<p>1. El Usuario realiza su pedido completando el proceso de compra presentado en el sitio web www.algicel.pt, a\u00f1adiendo el\/los producto(s) o servicio(s) que desea adquirir a la cesta de compra:<\/p>\n<p>2. Para realizar su pedido, el Usuario deber\u00e1:<\/p>\n<p>a) Registrarse en el sitio web www.algicel.pt, proporcionando la informaci\u00f3n que all\u00ed se solicita.<\/p>\n<p>b) Iniciar sesi\u00f3n (proporcionando una combinaci\u00f3n de correo electr\u00f3nico y contrase\u00f1a elegida por el Usuario al registrarse).<\/p>\n<p>c) Completar los datos y elegir las opciones que tenga a su disposici\u00f3n a lo largo del proceso de formalizaci\u00f3n del pedido (direcci\u00f3n de entrega y de facturaci\u00f3n, forma de env\u00edo, forma de pago, as\u00ed como el NIF y el nombre que, a efectos fiscales, desea que aparezca en la factura).<\/p>\n<p>3. La confirmaci\u00f3n definitiva del pedido por parte del Usuario equivale a la aceptaci\u00f3n plena y completa de los precios y descripci\u00f3n de los productos disponibles para la venta, as\u00ed como de las presentes Condiciones Generales de Venta, que ser\u00e1n las \u00fanicas aplicables al contrato as\u00ed celebrado.<\/p>\n<p>4. Algicel procesar\u00e1 los pedidos recibidos en l\u00ednea solo hasta agotar existencias. Si un producto no est\u00e1 disponible, Algicel se compromete a informar al usuario lo antes posible.<\/p>\n<p>5. Los datos contenidos en la factura son responsabilidad exclusiva del Usuario. Una vez emitida, la factura no podr\u00e1 volver a emitirse con modificaciones.<\/p>\n<div id=\"pagamentos\"><\/div>\n<p>6. Las solicitudes de pedido tienen una validez de ocho (8) d\u00edas, a menos que el pedido se registre en una campa\u00f1a promocional con una fecha l\u00edmite diferente. No se garantizan precios, descuentos, promociones ni ofertas despu\u00e9s de esta fecha. Si nuestros servicios no reciben el pago dentro de este plazo, el pedido no podr\u00e1 ser validado. Cualquier importe recibido despu\u00e9s de esta fecha ser\u00e1 reembolsado o utilizado para un nuevo pedido.<\/p>\n<h2>Art\u00edculo 3 \u2013 Pago<\/h2>\n<p>1. En el sitio web www.algicel.pt, Algicel ofrece al Usuario los siguientes m\u00e9todos de pago a trav\u00e9s de Easypay \u2013 Institui\u00e7\u00e3o de Pagamento Lda:<\/p>\n<ol class=\"wp-block-list\">\n<li>Tarjeta de cr\u00e9dito (Visa, Mastercard);<\/li>\n<li>Referencia Multibanco;<\/li>\n<li>Modo Mb<\/li>\n<li>Transferir;<\/li>\n<li>Paypal;<\/li>\n<\/ol>\n<p>2. En caso de pago con tarjeta de cr\u00e9dito, el cargo en la tarjeta del Usuario se realizar\u00e1 inmediatamente despu\u00e9s de confirmar el env\u00edo de la mercanc\u00eda. Si algunos productos pedidos est\u00e1n agotados, el importe se abonar\u00e1 en la tarjeta del Usuario una vez completado el pedido.<\/p>\n<h2>Art\u00edculo 4 \u2013 Entrega<\/h2>\n<ol class=\"wp-block-list\">\n<li>Los pedidos se entregar\u00e1n en un plazo de 30 d\u00edas h\u00e1biles a partir de la fecha de realizaci\u00f3n. El env\u00edo lo gestiona CTT.<\/li>\n<\/ol>\n<ol class=\"wp-block-list\" start=\"2\">\n<li>Los gastos de env\u00edo se a\u00f1aden al pedido.<\/li>\n<\/ol>\n<h2>Art\u00edculo 5 \u2013 Precios<\/h2>\n<p>1. Los precios se entender\u00e1n en Euros, con impuestos y tasas incluidos, teniendo en cuenta el IVA vigente en la fecha de pago del pedido.<\/p>\n<p>2. Si se produce un aumento en el precio de alg\u00fan producto, el Usuario ser\u00e1 informado inmediatamente y podr\u00e1 optar por recibir su pedido (pagando la diferencia) o cancelarlo.<\/p>\n<h2>Art\u00edculo 6 \u2013 Cancelaci\u00f3n y reembolso<\/h2>\n<ol class=\"wp-block-list\">\n<li>Algicel gestiona el proceso de cancelaci\u00f3n o reembolso caso por caso. La solicitud debe enviarse por escrito a la direcci\u00f3n de correo electr\u00f3nico de contacto. <a href=\"about:blank\">geral@algicel.pt<\/a>, hasta 15 d\u00edas despu\u00e9s del pedido, siendo contestadas y definidas por Algicel, las instrucciones de cancelaci\u00f3n o devoluci\u00f3n de la mercanc\u00eda, a trav\u00e9s del mismo medio de comunicaci\u00f3n.<\/li>\n<\/ol>\n<ol class=\"wp-block-list\" start=\"2\">\n<li>Siempre que sea posible, la devoluci\u00f3n deber\u00e1 realizarse mediante el mismo medio de pago, pero si esto no es posible, el usuario deber\u00e1 presentar el comprobante de pago y la titularidad de la cuenta o tarjeta, para poder realizar la devoluci\u00f3n mediante Transferencia Bancaria.<\/li>\n<\/ol>\n<ol class=\"wp-block-list\" start=\"3\">\n<li>Algicel se compromete a reembolsar al Usuario en un plazo m\u00e1ximo de 30 d\u00edas.<\/li>\n<\/ol>\n<p>4.1 Los productos devueltos deber\u00e1n estar en condiciones de venta, es decir, en el mismo estado en el que llegaron al Usuario, sin ninguna anomal\u00eda o da\u00f1o.<\/p>\n<p>5. Si el valor resultante del cambio de productos de un pedido es inferior o superior al valor inicial del mismo, las condiciones de liquidaci\u00f3n ser\u00e1n indicadas por Algicel.<\/p>\n<p>Ley aplicable El Contrato se rige por la ley portuguesa.<\/p>\n<\/div><\/div>\n<\/div>\n<\/div>\n<\/div>","protected":false},"excerpt":{"rendered":"","protected":false},"author":1,"featured_media":0,"parent":0,"menu_order":0,"comment_status":"closed","ping_status":"closed","template":"","meta":{"footnotes":""},"class_list":["post-23","page","type-page","status-publish","hentry"],"yoast_head":"<!-- This site is optimized with the Yoast SEO plugin v26.7 - https:\/\/yoast.com\/wordpress\/plugins\/seo\/ -->\n<title>Termos e Condi\u00e7\u00f5es - Algicel<\/title>\n<meta name=\"robots\" content=\"index, follow, max-snippet:-1, max-image-preview:large, max-video-preview:-1\" \/>\n<link rel=\"canonical\" href=\"https:\/\/algicel.pt\/es\/terminos-y-condiciones\/\" \/>\n<meta property=\"og:locale\" content=\"es_ES\" \/>\n<meta property=\"og:type\" content=\"article\" \/>\n<meta property=\"og:title\" content=\"Termos e Condi\u00e7\u00f5es - Algicel\" \/>\n<meta property=\"og:url\" content=\"https:\/\/algicel.pt\/es\/terminos-y-condiciones\/\" \/>\n<meta property=\"og:site_name\" content=\"Algicel\" \/>\n<meta property=\"article:modified_time\" content=\"2025-08-08T23:18:45+00:00\" \/>\n<meta name=\"twitter:card\" content=\"summary_large_image\" \/>\n<script type=\"application\/ld+json\" class=\"yoast-schema-graph\">{\"@context\":\"https:\/\/schema.org\",\"@graph\":[{\"@type\":\"WebPage\",\"@id\":\"https:\/\/algicel.pt\/termos-e-condicoes\/\",\"url\":\"https:\/\/algicel.pt\/termos-e-condicoes\/\",\"name\":\"Termos e Condi\u00e7\u00f5es - Algicel\",\"isPartOf\":{\"@id\":\"https:\/\/algicel.pt\/#website\"},\"datePublished\":\"2025-07-29T18:44:20+00:00\",\"dateModified\":\"2025-08-08T23:18:45+00:00\",\"breadcrumb\":{\"@id\":\"https:\/\/algicel.pt\/termos-e-condicoes\/#breadcrumb\"},\"inLanguage\":\"es\",\"potentialAction\":[{\"@type\":\"ReadAction\",\"target\":[\"https:\/\/algicel.pt\/termos-e-condicoes\/\"]}]},{\"@type\":\"BreadcrumbList\",\"@id\":\"https:\/\/algicel.pt\/termos-e-condicoes\/#breadcrumb\",\"itemListElement\":[{\"@type\":\"ListItem\",\"position\":1,\"name\":\"In\u00edcio\",\"item\":\"https:\/\/algicel.pt\/\"},{\"@type\":\"ListItem\",\"position\":2,\"name\":\"Termos e Condi\u00e7\u00f5es\"}]},{\"@type\":\"WebSite\",\"@id\":\"https:\/\/algicel.pt\/#website\",\"url\":\"https:\/\/algicel.pt\/\",\"name\":\"Algicel\",\"description\":\"O mais potente antioxidante natural para uma vida saud\u00e1vel\",\"potentialAction\":[{\"@type\":\"SearchAction\",\"target\":{\"@type\":\"EntryPoint\",\"urlTemplate\":\"https:\/\/algicel.pt\/?s={search_term_string}\"},\"query-input\":{\"@type\":\"PropertyValueSpecification\",\"valueRequired\":true,\"valueName\":\"search_term_string\"}}],\"inLanguage\":\"es\"}]}<\/script>\n<!-- \/ Yoast SEO plugin. -->","yoast_head_json":{"title":"T\u00e9rminos y condiciones - Algicel","robots":{"index":"index","follow":"follow","max-snippet":"max-snippet:-1","max-image-preview":"max-image-preview:large","max-video-preview":"max-video-preview:-1"},"canonical":"https:\/\/algicel.pt\/es\/terminos-y-condiciones\/","og_locale":"es_ES","og_type":"article","og_title":"Termos e Condi\u00e7\u00f5es - Algicel","og_url":"https:\/\/algicel.pt\/es\/terminos-y-condiciones\/","og_site_name":"Algicel","article_modified_time":"2025-08-08T23:18:45+00:00","twitter_card":"summary_large_image","schema":{"@context":"https:\/\/schema.org","@graph":[{"@type":"WebPage","@id":"https:\/\/algicel.pt\/termos-e-condicoes\/","url":"https:\/\/algicel.pt\/termos-e-condicoes\/","name":"T\u00e9rminos y condiciones - Algicel","isPartOf":{"@id":"https:\/\/algicel.pt\/#website"},"datePublished":"2025-07-29T18:44:20+00:00","dateModified":"2025-08-08T23:18:45+00:00","breadcrumb":{"@id":"https:\/\/algicel.pt\/termos-e-condicoes\/#breadcrumb"},"inLanguage":"es","potentialAction":[{"@type":"ReadAction","target":["https:\/\/algicel.pt\/termos-e-condicoes\/"]}]},{"@type":"BreadcrumbList","@id":"https:\/\/algicel.pt\/termos-e-condicoes\/#breadcrumb","itemListElement":[{"@type":"ListItem","position":1,"name":"In\u00edcio","item":"https:\/\/algicel.pt\/"},{"@type":"ListItem","position":2,"name":"Termos e Condi\u00e7\u00f5es"}]},{"@type":"WebSite","@id":"https:\/\/algicel.pt\/#website","url":"https:\/\/algicel.pt\/","name":"Algicel","description":"El antioxidante natural m\u00e1s potente para una vida sana","potentialAction":[{"@type":"SearchAction","target":{"@type":"EntryPoint","urlTemplate":"https:\/\/algicel.pt\/?s={search_term_string}"},"query-input":{"@type":"PropertyValueSpecification","valueRequired":true,"valueName":"search_term_string"}}],"inLanguage":"es"}]}},"_links":{"self":[{"href":"https:\/\/algicel.pt\/es\/wp-json\/wp\/v2\/pages\/23","targetHints":{"allow":["GET"]}}],"collection":[{"href":"https:\/\/algicel.pt\/es\/wp-json\/wp\/v2\/pages"}],"about":[{"href":"https:\/\/algicel.pt\/es\/wp-json\/wp\/v2\/types\/page"}],"author":[{"embeddable":true,"href":"https:\/\/algicel.pt\/es\/wp-json\/wp\/v2\/users\/1"}],"replies":[{"embeddable":true,"href":"https:\/\/algicel.pt\/es\/wp-json\/wp\/v2\/comments?post=23"}],"version-history":[{"count":21,"href":"https:\/\/algicel.pt\/es\/wp-json\/wp\/v2\/pages\/23\/revisions"}],"predecessor-version":[{"id":1842,"href":"https:\/\/algicel.pt\/es\/wp-json\/wp\/v2\/pages\/23\/revisions\/1842"}],"wp:attachment":[{"href":"https:\/\/algicel.pt\/es\/wp-json\/wp\/v2\/media?parent=23"}],"curies":[{"name":"wp","href":"https:\/\/api.w.org\/{rel}","templated":true}]}}