{"id":658,"date":"2025-07-30T22:07:54","date_gmt":"2025-07-30T22:07:54","guid":{"rendered":"https:\/\/algicel.pt\/?page_id=658"},"modified":"2025-11-15T17:28:44","modified_gmt":"2025-11-15T17:28:44","slug":"astaxantina","status":"publish","type":"page","link":"https:\/\/algicel.pt\/es\/astaxantina\/","title":{"rendered":"Astaxantina"},"content":{"rendered":"<div class=\"et_pb_section_0 et_pb_section et_section_regular et_flex_section\">\n<div class=\"et_pb_row_0 et_pb_row et_flex_row\">\n<div class=\"et_pb_column_0 et_pb_column et-last-child et_flex_column et_pb_css_mix_blend_mode_passthrough et_flex_column_24_24\">\n<div class=\"et_pb_text_0 et_pb_text et_pb_bg_layout_light et_animated et_pb_module et_block_module\"><div class=\"et_pb_text_inner\"><h1>Astaxantina<\/h1>\n<\/div><\/div>\n<\/div>\n<\/div>\n\n<div class=\"et_pb_row_1 et_pb_row et_flex_row\">\n<div class=\"et_pb_column_1 et_pb_column et_flex_column et_pb_css_mix_blend_mode_passthrough et_flex_column_2_5 et_flex_column_24_24_phone et_flex_column_24_24_phoneWide\">\n<div class=\"et_pb_image_0 et_pb_image et_animated et_pb_module et_block_module\"><span class=\"et_pb_image_wrap\"><img loading=\"lazy\" decoding=\"async\" src=\"https:\/\/algicel.pt\/wp-content\/uploads\/2025\/09\/microalgas-algicel.webp\" width=\"408\" height=\"408\" srcset=\"https:\/\/algicel.pt\/wp-content\/uploads\/2025\/09\/microalgas-algicel.webp 408w, https:\/\/algicel.pt\/wp-content\/uploads\/2025\/09\/microalgas-algicel-300x300.webp 300w, https:\/\/algicel.pt\/wp-content\/uploads\/2025\/09\/microalgas-algicel-150x150.webp 150w, https:\/\/algicel.pt\/wp-content\/uploads\/2025\/09\/microalgas-algicel-12x12.webp 12w, https:\/\/algicel.pt\/wp-content\/uploads\/2025\/09\/microalgas-algicel-100x100.webp 100w\" sizes=\"(max-width: 408px) 100vw, 408px\" class=\"wp-image-8210\" \/><\/span><\/div>\n<\/div>\n\n<div class=\"et_pb_column_2 et_pb_column et-last-child et_flex_column et_pb_css_mix_blend_mode_passthrough et_flex_column_3_5 et_flex_column_24_24_phone et_flex_column_24_24_phoneWide\">\n<div class=\"et_pb_text_1 et_pb_text et_pb_bg_layout_light et_animated et_pb_module et_block_module\"><div class=\"et_pb_text_inner\"><p>La astaxantina extra\u00edda de la microalga Haematococcus pluvialis, por tanto de origen vegetal no GMO, es un pigmento carotenoide con un amplio abanico de aplicaciones en la industria alimentaria, cosm\u00e9tica y farmac\u00e9utica.<\/p>\n<\/div><\/div>\n\n<div class=\"et_pb_text_2 et_pb_text et_pb_bg_layout_light et_animated et_pb_module et_block_module\"><div class=\"et_pb_text_inner\"><p>La astaxantina es una sustancia fant\u00e1stica, es 6000 veces m\u00e1s potente que la vitamina C y 500 veces m\u00e1s potente que la vitamina E.<\/p>\n<\/div><\/div>\n<\/div>\n<\/div>\n<\/div>\n\n<div class=\"et_pb_section_1 et_pb_section et_section_regular et_flex_section et_pb_section_parallax\"><span class=\"et-pb-parallax-wrapper\"><span class=\"et-pb-parallax-background et-pb-parallax-background_phone et-pb-parallax-background_phone-module--divi-section-1\" style=\"background-image:url(https:\/\/algicel.pt\/wp-content\/uploads\/2025\/08\/sede-algicel-scaled.webp)\"><\/span><\/span>\n<div class=\"et_pb_row_2 et_pb_row et-vb-row--no-module et_flex_row\">\n<div class=\"et_pb_column_3 et_pb_column et-last-child et_flex_column et_pb_column_empty et_pb_css_mix_blend_mode_passthrough et_flex_column_24_24\"><\/div>\n<\/div>\n<\/div>\n\n<div class=\"et_pb_section_2 et_pb_section et_section_regular et_flex_section\">\n<div class=\"et_pb_row_3 et_pb_row et_flex_row\">\n<div class=\"et_pb_column_4 et_pb_column et-last-child et_flex_column et_pb_css_mix_blend_mode_passthrough et_flex_column_24_24\">\n<div class=\"et_pb_text_3 et_pb_text et_pb_bg_layout_light et_animated et_pb_module et_block_module\"><div class=\"et_pb_text_inner\"><p>En Algicel, la astaxantina natural pura, segura y fiable \u2014el antioxidante m\u00e1s potente de la naturaleza\u2014 es nuestro orgullo. Nuestra astaxantina natural es \u00fanica porque se produce a partir de microalgas nativas (Haematococcus pluvialis) seleccionadas de las aguas naturales de las Azores. Las Azores, con su clima ideal y un entorno limpio, ofrecen las mejores condiciones para el desarrollo de las microalgas. La ingenier\u00eda y la tecnolog\u00eda son la base de Algicel. Dise\u00f1amos los procesos y las soluciones tecnol\u00f3gicas para producir productos de la m\u00e1s alta calidad. En nuestras instalaciones de producci\u00f3n, garantizamos pureza, seguridad y fiabilidad.<\/p>\n<p>Como potente antioxidante, la astaxantina posee m\u00faltiples funciones y beneficios. Su notable capacidad para combatir el estr\u00e9s oxidativo y su actividad antiinflamatoria natural la convierten en un suplemento capaz de mejorar la salud general. En concreto, la astaxantina puede ayudar a mantener una piel joven y resistente a los rayos UV, promover la salud ocular y aumentar la actividad y el n\u00famero de c\u00e9lulas del sistema inmunitario. La astaxantina puede ayudar a reducir la viabilidad de las c\u00e9lulas tumorales y mejorar los perfiles lip\u00eddicos, as\u00ed como otros par\u00e1metros metab\u00f3licos, a la vez que protege el sistema cardiovascular. La astaxantina puede contribuir al control gluc\u00e9mico y mejorar el rendimiento deportivo, protegiendo contra el da\u00f1o muscular y tisular inducido, reduciendo la fatiga y acortando el tiempo de recuperaci\u00f3n. Adem\u00e1s, la astaxantina puede atravesar la barrera hematoencef\u00e1lica, una barrera altamente selectiva e impermeable a la mayor\u00eda de las sustancias. Esta propiedad le permite contribuir a la salud cerebral, manteniendo una funci\u00f3n cognitiva normal y proporcionando protecci\u00f3n neuronal.<\/p>\n<\/div><\/div>\n<\/div>\n<\/div>\n<\/div>","protected":false},"excerpt":{"rendered":"","protected":false},"author":1,"featured_media":0,"parent":0,"menu_order":0,"comment_status":"closed","ping_status":"closed","template":"","meta":{"footnotes":""},"class_list":["post-658","page","type-page","status-publish","hentry"],"yoast_head":"<!-- This site is optimized with the Yoast SEO plugin v26.7 - https:\/\/yoast.com\/wordpress\/plugins\/seo\/ -->\n<title>Astaxantina - Algicel<\/title>\n<meta name=\"robots\" content=\"index, follow, max-snippet:-1, max-image-preview:large, max-video-preview:-1\" \/>\n<link rel=\"canonical\" href=\"https:\/\/algicel.pt\/es\/astaxantina\/\" \/>\n<meta property=\"og:locale\" content=\"es_ES\" \/>\n<meta property=\"og:type\" content=\"article\" \/>\n<meta property=\"og:title\" content=\"Astaxantina - Algicel\" \/>\n<meta property=\"og:url\" content=\"https:\/\/algicel.pt\/es\/astaxantina\/\" \/>\n<meta property=\"og:site_name\" content=\"Algicel\" \/>\n<meta property=\"article:modified_time\" content=\"2025-11-15T17:28:44+00:00\" \/>\n<meta name=\"twitter:card\" content=\"summary_large_image\" \/>\n<script type=\"application\/ld+json\" class=\"yoast-schema-graph\">{\"@context\":\"https:\/\/schema.org\",\"@graph\":[{\"@type\":\"WebPage\",\"@id\":\"https:\/\/algicel.pt\/astaxantina\/\",\"url\":\"https:\/\/algicel.pt\/astaxantina\/\",\"name\":\"Astaxantina - Algicel\",\"isPartOf\":{\"@id\":\"https:\/\/algicel.pt\/#website\"},\"datePublished\":\"2025-07-30T22:07:54+00:00\",\"dateModified\":\"2025-11-15T17:28:44+00:00\",\"breadcrumb\":{\"@id\":\"https:\/\/algicel.pt\/astaxantina\/#breadcrumb\"},\"inLanguage\":\"es\",\"potentialAction\":[{\"@type\":\"ReadAction\",\"target\":[\"https:\/\/algicel.pt\/astaxantina\/\"]}]},{\"@type\":\"BreadcrumbList\",\"@id\":\"https:\/\/algicel.pt\/astaxantina\/#breadcrumb\",\"itemListElement\":[{\"@type\":\"ListItem\",\"position\":1,\"name\":\"In\u00edcio\",\"item\":\"https:\/\/algicel.pt\/\"},{\"@type\":\"ListItem\",\"position\":2,\"name\":\"Astaxantina\"}]},{\"@type\":\"WebSite\",\"@id\":\"https:\/\/algicel.pt\/#website\",\"url\":\"https:\/\/algicel.pt\/\",\"name\":\"Algicel\",\"description\":\"O mais potente antioxidante natural para uma vida saud\u00e1vel\",\"potentialAction\":[{\"@type\":\"SearchAction\",\"target\":{\"@type\":\"EntryPoint\",\"urlTemplate\":\"https:\/\/algicel.pt\/?s={search_term_string}\"},\"query-input\":{\"@type\":\"PropertyValueSpecification\",\"valueRequired\":true,\"valueName\":\"search_term_string\"}}],\"inLanguage\":\"es\"}]}<\/script>\n<!-- \/ Yoast SEO plugin. -->","yoast_head_json":{"title":"Astaxantina - Algicel","robots":{"index":"index","follow":"follow","max-snippet":"max-snippet:-1","max-image-preview":"max-image-preview:large","max-video-preview":"max-video-preview:-1"},"canonical":"https:\/\/algicel.pt\/es\/astaxantina\/","og_locale":"es_ES","og_type":"article","og_title":"Astaxantina - Algicel","og_url":"https:\/\/algicel.pt\/es\/astaxantina\/","og_site_name":"Algicel","article_modified_time":"2025-11-15T17:28:44+00:00","twitter_card":"summary_large_image","schema":{"@context":"https:\/\/schema.org","@graph":[{"@type":"WebPage","@id":"https:\/\/algicel.pt\/astaxantina\/","url":"https:\/\/algicel.pt\/astaxantina\/","name":"Astaxantina - Algicel","isPartOf":{"@id":"https:\/\/algicel.pt\/#website"},"datePublished":"2025-07-30T22:07:54+00:00","dateModified":"2025-11-15T17:28:44+00:00","breadcrumb":{"@id":"https:\/\/algicel.pt\/astaxantina\/#breadcrumb"},"inLanguage":"es","potentialAction":[{"@type":"ReadAction","target":["https:\/\/algicel.pt\/astaxantina\/"]}]},{"@type":"BreadcrumbList","@id":"https:\/\/algicel.pt\/astaxantina\/#breadcrumb","itemListElement":[{"@type":"ListItem","position":1,"name":"In\u00edcio","item":"https:\/\/algicel.pt\/"},{"@type":"ListItem","position":2,"name":"Astaxantina"}]},{"@type":"WebSite","@id":"https:\/\/algicel.pt\/#website","url":"https:\/\/algicel.pt\/","name":"Algicel","description":"El antioxidante natural m\u00e1s potente para una vida sana","potentialAction":[{"@type":"SearchAction","target":{"@type":"EntryPoint","urlTemplate":"https:\/\/algicel.pt\/?s={search_term_string}"},"query-input":{"@type":"PropertyValueSpecification","valueRequired":true,"valueName":"search_term_string"}}],"inLanguage":"es"}]}},"_links":{"self":[{"href":"https:\/\/algicel.pt\/es\/wp-json\/wp\/v2\/pages\/658","targetHints":{"allow":["GET"]}}],"collection":[{"href":"https:\/\/algicel.pt\/es\/wp-json\/wp\/v2\/pages"}],"about":[{"href":"https:\/\/algicel.pt\/es\/wp-json\/wp\/v2\/types\/page"}],"author":[{"embeddable":true,"href":"https:\/\/algicel.pt\/es\/wp-json\/wp\/v2\/users\/1"}],"replies":[{"embeddable":true,"href":"https:\/\/algicel.pt\/es\/wp-json\/wp\/v2\/comments?post=658"}],"version-history":[{"count":26,"href":"https:\/\/algicel.pt\/es\/wp-json\/wp\/v2\/pages\/658\/revisions"}],"predecessor-version":[{"id":26543,"href":"https:\/\/algicel.pt\/es\/wp-json\/wp\/v2\/pages\/658\/revisions\/26543"}],"wp:attachment":[{"href":"https:\/\/algicel.pt\/es\/wp-json\/wp\/v2\/media?parent=658"}],"curies":[{"name":"wp","href":"https:\/\/api.w.org\/{rel}","templated":true}]}}