{"id":662,"date":"2025-07-30T22:09:01","date_gmt":"2025-07-30T22:09:01","guid":{"rendered":"https:\/\/algicel.pt\/?page_id=662"},"modified":"2025-09-05T11:16:36","modified_gmt":"2025-09-05T11:16:36","slug":"sobre-nosotros","status":"publish","type":"page","link":"https:\/\/algicel.pt\/es\/sobre-nosotros\/","title":{"rendered":"Sobre nosotros"},"content":{"rendered":"<div class=\"et_pb_section_0 et_pb_section et_section_regular et_flex_section\">\n<div class=\"et_pb_row_0 et_pb_row et_flex_row et_animated\">\n<div class=\"et_pb_column_0 et_pb_column et-last-child et_flex_column et_pb_css_mix_blend_mode_passthrough et_flex_column_24_24\">\n<div class=\"et_pb_text_0 et_pb_text et_pb_bg_layout_light et_pb_module et_flex_module\"><div class=\"et_pb_text_inner\"><h1>El comienzo<\/h1>\n<\/div><\/div>\n<\/div>\n<\/div>\n\n<div class=\"et_pb_row_1 et_pb_row et_flex_row et_animated\">\n<div class=\"et_pb_column_1 et_pb_column et_flex_column et_pb_css_mix_blend_mode_passthrough et_flex_column_24_24\">\n<div class=\"et_pb_module et_pb_button_module_wrapper et_pb_button_0_wrapper\"><a class=\"et_pb_button_0 et_pb_button et_pb_bg_layout_light et_pb_module et_flex_module\" href=\"\">Visi\u00f3n<\/a><\/div>\n<\/div>\n\n<div class=\"et_pb_column_2 et_pb_column et-last-child et_flex_column et_pb_css_mix_blend_mode_passthrough et_flex_column_24_24\">\n<div class=\"et_pb_text_1 et_pb_text et_pb_bg_layout_light et_pb_module et_flex_module\"><div class=\"et_pb_text_inner\"><p>Nuestro viaje comenz\u00f3 con una idea y el deseo de hacer lo correcto para crear vidas m\u00e1s felices. Hemos recorrido un largo camino, pero esto es solo el comienzo de explorar las oportunidades que ofrecen las microalgas.<\/p>\n<\/div><\/div>\n\n<div class=\"et_pb_text_2 et_pb_text et_pb_bg_layout_light et_pb_module et_flex_module\"><div class=\"et_pb_text_inner\"><p>Descubra el proyecto de investigaci\u00f3n cient\u00edfica que comenz\u00f3 en 2007.<\/p>\n<\/div><\/div>\n<\/div>\n<\/div>\n<\/div>\n\n<div class=\"et_pb_section_1 et_pb_section et_section_regular et_flex_section et_pb_section_parallax\"><span class=\"et-pb-parallax-wrapper\"><span class=\"et-pb-parallax-background et-pb-parallax-background-module--divi-section-1 et_parallax_bg_phone_exist\" style=\"background-image:url(https:\/\/algicel.pt\/wp-content\/uploads\/2025\/08\/sede-algicel-scaled.webp)\"><\/span><\/span><span class=\"et-pb-parallax-wrapper\"><span class=\"et-pb-parallax-background et-pb-parallax-background_phone et-pb-parallax-background_phone-module--divi-section-1\" style=\"background-image:url(https:\/\/algicel.pt\/wp-content\/uploads\/2025\/08\/sede-algicel-scaled.webp)\"><\/span><\/span>\n<div class=\"et_pb_row_2 et_pb_row et-vb-row--no-module et_flex_row\">\n<div class=\"et_pb_column_3 et_pb_column et-last-child et_flex_column et_pb_column_empty et_pb_css_mix_blend_mode_passthrough et_flex_column_24_24\"><\/div>\n<\/div>\n<\/div>\n\n<div class=\"et_pb_section_2 et_pb_section et_section_regular et_flex_section\">\n<div class=\"et_pb_row_3 et_pb_row et_flex_row\">\n<div class=\"et_pb_column_4 et_pb_column et-last-child et_flex_column et_pb_css_mix_blend_mode_passthrough et_flex_column_24_24\">\n<div class=\"et_pb_text_3 et_pb_text et_pb_bg_layout_light et_animated et_pb_module et_flex_module\"><div class=\"et_pb_text_inner\"><h2>Nuestra historia<\/h2>\n<\/div><\/div>\n<\/div>\n<\/div>\n\n<div class=\"et_pb_row_4 et_pb_row et_flex_row\">\n<div class=\"et_pb_column_5 et_pb_column et_flex_column et_pb_css_mix_blend_mode_passthrough et_flex_column_24_24\">\n<div class=\"et_pb_module et_pb_button_module_wrapper et_pb_button_1_wrapper\"><a class=\"et_pb_button_1 et_pb_button et_pb_bg_layout_light et_animated et_pb_module et_flex_module\" href=\"\">Biotecnolog\u00eda e Investigaci\u00f3n<\/a><\/div>\n<\/div>\n\n<div class=\"et_pb_column_6 et_pb_column et-last-child et_flex_column et_pb_css_mix_blend_mode_passthrough et_flex_column_24_24\">\n<div class=\"et_pb_text_4 et_pb_text et_pb_bg_layout_light et_animated et_pb_module et_flex_module\"><div class=\"et_pb_text_inner\"><p>Nuestra aventura con las microalgas comenz\u00f3 en un seminario. Uno de los ponentes mencion\u00f3 que las microalgas eran ricas en compuestos bioactivos, con un gran potencial para la industria farmac\u00e9utica. Lo que al principio parec\u00eda una simple curiosidad, r\u00e1pidamente se convirti\u00f3 en una obsesi\u00f3n.<\/p>\n<\/div><\/div>\n\n<div class=\"et_pb_text_5 et_pb_text et_pb_bg_layout_light et_animated et_pb_module et_flex_module\"><div class=\"et_pb_text_inner\"><p>Despu\u00e9s de una larga revisi\u00f3n de la literatura cient\u00edfica, nos convencimos de que las microalgas podr\u00edan abrir el camino a una actividad econ\u00f3mica innovadora y sostenible.<\/p>\n<\/div><\/div>\n<\/div>\n<\/div>\n\n<div class=\"et_pb_row_5 et_pb_row et_flex_row\">\n<div class=\"et_pb_column_7 et_pb_column et_flex_column et_pb_css_mix_blend_mode_passthrough et_flex_column_24_24\">\n<div class=\"et_pb_text_6 et_pb_text et_pb_bg_layout_light et_animated et_pb_module et_flex_module\"><div class=\"et_pb_text_inner\"><p>Pero hab\u00eda un reto por delante: casi todas las publicaciones se limitaban a experimentos de laboratorio, y nosotros, como ingenieros industriales, quer\u00edamos saber si ser\u00eda posible producir microalgas a escala industrial. As\u00ed que decidimos construir una planta piloto: una peque\u00f1a estructura equipada con sistemas a escala industrial.<\/p>\n<p>El proyecto avanz\u00f3 con el apoyo de la Universidad de las Azores, con la Dra. Maria Helena Pereira da Silva como inversora, y posteriormente con la Direcci\u00f3n Regional de Ciencia y Tecnolog\u00eda. As\u00ed naci\u00f3 Algicel en 2006. Entre 2007 y 2011, realizamos una intensa investigaci\u00f3n que culmin\u00f3 con las primeras patentes registradas por ciudadanos de las Azores.<\/p>\n<p>En aquel entonces, yo era Director de Producci\u00f3n, Mantenimiento, Calidad y Log\u00edstica en una agroindustria, donde Gon\u00e7alo trabajaba como mi asistente. Al mismo tiempo, Gon\u00e7alo, Emanuel Xavier \u2014bi\u00f3logo totalmente dedicado al proyecto\u2014 y yo gestion\u00e1bamos la peque\u00f1a planta piloto, dedic\u00e1ndole nuestras horas extras y fines de semana. Fueron a\u00f1os de trabajo duro, estudio incansable y frustraci\u00f3n. Pero tambi\u00e9n momentos de gratificaci\u00f3n cada vez que logr\u00e1bamos resolver un problema, como si, entre tantas dificultades, recibi\u00e9ramos peque\u00f1as recompensas que nos motivaran a continuar.<\/p>\n<p>Recuerdo una conversaci\u00f3n con el profesor V\u00edtor Gon\u00e7alves sobre una microalga espec\u00edfica, la Haematococcus pluvialis. Le pregunt\u00e9 si la hab\u00eda visto alguna vez en las Azores y, para mi sorpresa, me dijo que s\u00ed; curiosamente, en un viejo refrigerador abandonado en un pastizal de la isla de Santa Mar\u00eda, usado como dep\u00f3sito de agua para los animales. Aunque era una historia intrigante, la idea de buscar microalgas en un refrigerador abandonado me pareci\u00f3 absurda y la descart\u00e9. Curiosamente, tiempo despu\u00e9s, uno de los t\u00e9cnicos de la empresa coment\u00f3 en broma que ten\u00eda microalgas en su patio trasero. La idea se me qued\u00f3 grabada, y unos d\u00edas despu\u00e9s, le suger\u00ed a Emanuel que fuera a echar un vistazo. Quedamos en que, si no encontr\u00e1bamos nada, ir\u00edamos a tomar una cerveza a Santo Ant\u00f4nio, donde viv\u00eda Lu\u00eds, y as\u00ed el viaje no ser\u00eda en vano.<\/p>\n<p>Para nuestra sorpresa, en el patio trasero de Lu\u00eds hab\u00eda una carretilla vieja y oxidada con un charco de agua completamente roja dentro. Tomamos una muestra y fuimos inmediatamente al laboratorio de la universidad. Y, efectivamente, era Haematococcus pluvialis.<\/p>\n<p>Posteriormente, encontramos la misma cepa en otras fuentes de agua. Durante casi un a\u00f1o, Emanuel se dedic\u00f3 a aislar la cepa y desarrollar un cultivo puro, a partir del cual ahora producimos astaxantina a gran escala. En los a\u00f1os siguientes, se especializ\u00f3 en microalgas, cursando su maestr\u00eda y doctorado, y descubri\u00f3 que esta cepa de las Azores era m\u00e1s productiva que otras de otras regiones.<\/p>\n<p>Como es habitual al comienzo de cualquier proyecto, cometimos muchos errores. Recuerdo una fase particularmente frustrante cuando inoculamos fotobiorreactores con Haematococcus pluvialis para inducir la producci\u00f3n de astaxantina, pero el cultivo insist\u00eda en permanecer verde. Pasamos meses releyendo publicaciones cient\u00edficas y repitiendo experimentos hasta que nos dimos cuenta de que el problema resid\u00eda en la calidad del aire inyectado. Este descubrimiento nos llev\u00f3 a invertir en sistemas de purificaci\u00f3n de aire, y fue solo entonces que empezamos a producir astaxantina. Fue un proceso constante de ensayo y error, donde la soluci\u00f3n siempre parec\u00eda cercana, pero inalcanzable.<\/p>\n<p>Otros desaf\u00edos complicaron a\u00fan m\u00e1s el proceso: intentamos aumentar la productividad ajustando la velocidad del aire y la concentraci\u00f3n de CO2, pero estos cambios trajeron nuevas complicaciones. A veces, el cultivo era invadido por otras microalgas y, en otras ocasiones, mor\u00eda debido a un pH desequilibrado. Las microalgas requer\u00edan un equilibrio delicado y una fase inicial con poca luz solar; solo cuando lo descubrimos pudimos finalmente estabilizar el proceso. Era como si las microalgas nos estuvieran ense\u00f1ando que no se puede apresurar a la naturaleza.<\/p>\n<\/div><\/div>\n<\/div>\n\n<div class=\"et_pb_column_8 et_pb_column et-last-child et_flex_column et_pb_css_mix_blend_mode_passthrough et_flex_column_24_24\">\n<div class=\"et_pb_text_7 et_pb_text et_pb_bg_layout_light et_animated et_pb_module et_flex_module\"><div class=\"et_pb_text_inner\"><p>La peque\u00f1a cantidad de biomasa que pudimos producir se almacen\u00f3 cuidadosamente en el congelador, envuelta en papel de aluminio, pero comenzamos a notar que la astaxantina desaparec\u00eda con el tiempo, lo que nos oblig\u00f3 a estudiar m\u00e9todos de conservaci\u00f3n. Cada nuevo obst\u00e1culo nos obligaba a profundizar en nuestra comprensi\u00f3n de este organismo fr\u00e1gil y exigente.<\/p>\n<p>Para medir la concentraci\u00f3n de astaxantina, por ejemplo, seguimos un protocolo existente y nos decepcionaron los bajos valores obtenidos. Fue un duro golpe hasta que nos dimos cuenta de que la astaxantina no era visible porque las c\u00e9lulas no se hab\u00edan roto correctamente. Tras ajustar el protocolo y fragmentar las c\u00e9lulas, las concentraciones superaron las expectativas, alcanzando valores superiores al 4 %. Fue un proceso de aprendizaje constante, en el que la victoria de hoy no garantizaba que no surgiera un nuevo reto ma\u00f1ana.<\/p>\n<p>La necesidad de fragmentar c\u00e9lulas a escala industrial nos llev\u00f3 a utilizar un homogeneizador de alta presi\u00f3n, un equipo com\u00fan en otras industrias, pero que para nosotros represent\u00f3 un gran desaf\u00edo. En el caso de Haematococcus pluvialis, fue necesario alcanzar 1100 bares de presi\u00f3n para romper la pared celular. Para quienes no est\u00e9n familiarizados con la unidad, esto corresponde a aproximadamente 11\u00a0000 metros de profundidad oce\u00e1nica. Esta presi\u00f3n es extrema para romper c\u00e9lulas que, antes de la segregaci\u00f3n de la astaxantina, son extremadamente fr\u00e1giles. Las piezas del equipo se romp\u00edan con frecuencia, y se necesitaron tres largos a\u00f1os para desarrollar adaptaciones fiables. Esta constante lucha con el equipo nos ense\u00f1\u00f3 que la innovaci\u00f3n a menudo surge de la necesidad de adaptar lo ya existente a nuevas aplicaciones.<\/p>\n<p>El proceso de ampliaci\u00f3n trajo consigo otras sorpresas. Decidimos dise\u00f1ar un sistema de aire comprimido para alimentar aproximadamente 4000 fotobiorreactores, pero los especialistas que contratamos no lograron adaptar el dise\u00f1o a nuestras necesidades. As\u00ed que decid\u00ed aprender sobre sistemas de aire comprimido, reelabor\u00e9 los c\u00e1lculos varias veces y redise\u00f1\u00e9 todo el proyecto. Cuando finalmente instalamos los sopladores, me preocupaba que no funcionaran, dada la elevada inversi\u00f3n; pero el sistema funcion\u00f3, y fue una sensaci\u00f3n de victoria indescriptible.<\/p>\n<p>Cuando necesit\u00e1bamos financiaci\u00f3n, nos enfrentamos a la crisis econ\u00f3mica y a la intervenci\u00f3n de la Troika en Portugal. Todos los bancos consideraron interesante el proyecto, pero se negaron a financiarlo. No fue hasta 2014 que el antiguo Banif aprob\u00f3 la financiaci\u00f3n, pero la instituci\u00f3n quebr\u00f3 al a\u00f1o siguiente. Reiniciamos el proceso y, a finales de 2016, obtuvimos el apoyo de Novo Banco dos A\u00e7ores. En 2018, iniciamos la construcci\u00f3n de la unidad de producci\u00f3n y, en 2019, realizamos las primeras pruebas. En abril de 2020, lanzamos la marca Azora. Sin embargo, en marzo de 2020, la pandemia mundial paraliz\u00f3 el mundo. Fue un rev\u00e9s importante, pero con esfuerzo, comenzamos a vender en l\u00ednea y logramos colocar nuestros productos en algunas farmacias y parafarmacias de Wells. Al a\u00f1o siguiente, nos expandimos a la pen\u00ednsula.<\/p>\n<p>La fase de secado de biomasa fue otro gran reto. Inicialmente, utilizamos un invernadero, pero el proceso era lento e irregular. Decidimos invertir en un secador por aspersi\u00f3n, un equipo consolidado en otras industrias, pero que tambi\u00e9n presentaba varias complicaciones. Tras seis meses de ajustes, finalmente logramos que funcionara de forma fiable; un momento de inmensa satisfacci\u00f3n despu\u00e9s de tantos intentos y fracasos.<\/p>\n<p>Este proyecto ha sido una larga sucesi\u00f3n de desaf\u00edos y peque\u00f1as victorias. Hemos aprendido que por cada problema resuelto, pueden surgir nuevos obst\u00e1culos, y que la verdadera soluci\u00f3n solo aparece cuando despejamos nuestra mente de pseudosoluciones. Cada momento de frustraci\u00f3n se transforma en una victoria que nos motiva a continuar. As\u00ed, entre dificultades y resiliencia, entre fracasos y aprendizajes, construimos la historia de Algicel.<\/p>\n<\/div><\/div>\n<\/div>\n<\/div>\n\n<div class=\"et_pb_row_6 et_pb_row et_flex_row\">\n<div class=\"et_pb_column_9 et_pb_column et_flex_column et_pb_css_mix_blend_mode_passthrough et_animated et_flex_column_24_24\">\n<div class=\"et_pb_text_8 et_pb_text et_pb_bg_layout_light et_pb_module et_flex_module\"><div class=\"et_pb_text_inner\"><div class=\"linha-titulo\">\n  <span class=\"titulo-esquerda\">Construcci\u00f3n de la unidad piloto<\/span><br \/>\n  <span class=\"titulo-direita\">01<\/span>\n<\/div>\n<\/div><\/div>\n\n<div class=\"et_pb_text_9 et_pb_text et_pb_bg_layout_light et_pb_module et_flex_module\"><div class=\"et_pb_text_inner\"><p>Cultivo de microalgas a escala industrial en fotobiorreactores cerrados. Tras tres a\u00f1os de pruebas, se alcanzaron los resultados esperados en cuanto a la productividad del proceso de cultivo de Haematococcus pluvialis en un fotobiorreactor cerrado.<\/p>\n<\/div><\/div>\n<\/div>\n\n<div class=\"et_pb_column_10 et_pb_column et_flex_column et_pb_css_mix_blend_mode_passthrough et_animated et_flex_column_24_24\">\n<div class=\"et_pb_text_10 et_pb_text et_pb_bg_layout_light et_pb_module et_flex_module\"><div class=\"et_pb_text_inner\"><div class=\"linha-titulo\">\n  <span class=\"titulo-esquerda\">Curiosidades de la construcci\u00f3n<\/span><br \/>\n  <span class=\"titulo-direita\">02<\/span>\n<\/div>\n<\/div><\/div>\n\n<div class=\"et_pb_text_11 et_pb_text et_pb_bg_layout_light et_pb_module et_flex_module\"><div class=\"et_pb_text_inner\"><p>\u00c1rea exterior \u2013 1 ha; Estructuras de soporte para fotobiorreactores \u2013 13 km de tubo cuadrado; Fotobiorreactores R250 \u2013 1.010 unidades; Fotobiorreactores R100 \u2013 2.896 unidades; Mini-fotobiorreactores \u2013 220 unidades; Matraces Erlenmeyer \u2013 440 unidades; Tubos de ensayo \u2013 1.000 unidades; V\u00e1lvulas \u2013 11.718 unidades; Tuber\u00edas \u2013 10 km.<\/p>\n<\/div><\/div>\n<\/div>\n\n<div class=\"et_pb_column_11 et_pb_column et-last-child et_flex_column et_pb_css_mix_blend_mode_passthrough et_animated et_flex_column_24_24\">\n<div class=\"et_pb_text_12 et_pb_text et_pb_bg_layout_light et_pb_module et_flex_module\"><div class=\"et_pb_text_inner\"><div class=\"linha-titulo\">\n  <span class=\"titulo-esquerda\">Financiaci\u00f3n<\/span><br \/>\n  <span class=\"titulo-direita\">03<\/span>\n<\/div>\n<\/div><\/div>\n\n<div class=\"et_pb_text_13 et_pb_text et_pb_bg_layout_light et_pb_module et_flex_module\"><div class=\"et_pb_text_inner\"><p>Reci\u00e9n en 2016 fue posible conseguir financiaci\u00f3n, tanto interna como a trav\u00e9s de incentivos de la Uni\u00f3n Europea, en el \u00e1mbito del programa Competir+, posibilitando as\u00ed la ejecuci\u00f3n del proyecto industrial.<\/p>\n<\/div><\/div>\n<\/div>\n<\/div>\n<\/div>\n\n<div class=\"et_pb_section_3 et_pb_section et_section_regular et_flex_section\">\n<div class=\"et_pb_row_7 et_pb_row et_flex_row\">\n<div class=\"et_pb_column_12 et_pb_column et-last-child et_flex_column et_pb_css_mix_blend_mode_passthrough et_flex_column_24_24\">\n<div class=\"et_pb_text_14 et_pb_text et_pb_bg_layout_light et_pb_module et_flex_module\"><div class=\"et_pb_text_inner\"><p>Azora<\/p>\n<\/div><\/div>\n\n<div class=\"et_pb_text_15 et_pb_text et_pb_bg_layout_light et_animated et_pb_module et_flex_module\"><div class=\"et_pb_text_inner\"><h2><strong>Conozca a los fundadores<\/strong><br \/>detr\u00e1s del producto.<\/h2>\n<\/div><\/div>\n\n<div class=\"et_pb_row_8 et_pb_row et_pb_row_nested et_flex_row\">\n<div class=\"et_pb_column_13 et_pb_column et_flex_column et_pb_css_mix_blend_mode_passthrough et_flex_column_24_24\">\n<div class=\"et_pb_text_16 et_pb_text et_pb_bg_layout_light et_pb_module et_flex_module\"><div class=\"et_pb_text_inner\"><p>Pareja<\/p>\n<\/div><\/div>\n\n<div class=\"et_pb_text_17 et_pb_text et_pb_bg_layout_light et_pb_module et_flex_module\"><div class=\"et_pb_text_inner\"><p>M. Helena Pereira Silva<\/p>\n<\/div><\/div>\n<\/div>\n\n<div class=\"et_pb_column_14 et_pb_column et_flex_column et_pb_css_mix_blend_mode_passthrough et_flex_column_24_24\">\n<div class=\"et_pb_text_18 et_pb_text et_pb_bg_layout_light et_pb_module et_flex_module\"><div class=\"et_pb_text_inner\"><p>Pareja<\/p>\n<\/div><\/div>\n\n<div class=\"et_pb_text_19 et_pb_text et_pb_bg_layout_light et_pb_module et_flex_module\"><div class=\"et_pb_text_inner\"><p>Lu\u00eds Filipe Teves<\/p>\n<\/div><\/div>\n<\/div>\n\n<div class=\"et_pb_column_15 et_pb_column et-last-child et_flex_column et_pb_css_mix_blend_mode_passthrough et_flex_column_24_24\">\n<div class=\"et_pb_text_20 et_pb_text et_pb_bg_layout_light et_pb_module et_flex_module\"><div class=\"et_pb_text_inner\"><p>Pareja<\/p>\n<\/div><\/div>\n\n<div class=\"et_pb_text_21 et_pb_text et_pb_bg_layout_light et_pb_module et_flex_module\"><div class=\"et_pb_text_inner\"><p>Gon\u00e7alo Mota<\/p>\n<\/div><\/div>\n<\/div>\n<\/div>\n\n<div class=\"et_pb_row_9 et_pb_row et_pb_row_nested et_flex_row\">\n<div class=\"et_pb_column_16 et_pb_column et_flex_column et_pb_css_mix_blend_mode_passthrough et_flex_column_24_24\">\n<div class=\"et_pb_text_22 et_pb_text et_pb_bg_layout_light et_pb_module et_flex_module\"><div class=\"et_pb_text_inner\"><p>Algicel, S.A. est\u00e1 propiedad de tres socios:<\/p>\n<\/div><\/div>\n<\/div>\n\n<div class=\"et_pb_column_17 et_pb_column et-last-child et_flex_column et_pb_css_mix_blend_mode_passthrough et_flex_column_24_24\">\n<div class=\"et_pb_text_23 et_pb_text et_pb_bg_layout_light et_animated et_pb_module et_flex_module\"><div class=\"et_pb_text_inner\"><p><strong><span style=\"color: #333;\">Equipo con d\u00e9cadas de experiencia<\/span><\/strong> en las \u00e1reas de gesti\u00f3n y desarrollo.<\/p>\n<\/div><\/div>\n\n<div class=\"et_pb_text_24 et_pb_text et_pb_bg_layout_light et_animated et_pb_module et_flex_module\"><div class=\"et_pb_text_inner\"><p>M. Helena Pereira da Silva \u2013 Licenciada en Finanzas, Postgrado en An\u00e1lisis de Sistemas.<\/p>\n<p>Lu\u00eds Filipe Chaves Medeiros Teves \u2013 Licenciado en Ingenier\u00eda de Producci\u00f3n y Gesti\u00f3n Industrial, M\u00e1ster en Administraci\u00f3n.<\/p>\n<p>Gon\u00e7alo C. F. Teixeira da Mota \u2013 Licenciado en Ingenier\u00eda Agroindustrial, T\u00e9cnico Superior en Seguridad y Salud en el Trabajo.<\/p>\n<\/div><\/div>\n<\/div>\n<\/div>\n<\/div>\n<\/div>\n<\/div>","protected":false},"excerpt":{"rendered":"","protected":false},"author":1,"featured_media":0,"parent":0,"menu_order":0,"comment_status":"closed","ping_status":"closed","template":"","meta":{"footnotes":""},"class_list":["post-662","page","type-page","status-publish","hentry"],"yoast_head":"<!-- This site is optimized with the Yoast SEO plugin v26.7 - https:\/\/yoast.com\/wordpress\/plugins\/seo\/ -->\n<title>Sobre n\u00f3s - Algicel<\/title>\n<meta name=\"robots\" content=\"index, follow, max-snippet:-1, max-image-preview:large, max-video-preview:-1\" \/>\n<link rel=\"canonical\" href=\"https:\/\/algicel.pt\/es\/sobre-nosotros\/\" \/>\n<meta property=\"og:locale\" content=\"es_ES\" \/>\n<meta property=\"og:type\" content=\"article\" \/>\n<meta property=\"og:title\" content=\"Sobre n\u00f3s - Algicel\" \/>\n<meta property=\"og:url\" content=\"https:\/\/algicel.pt\/es\/sobre-nosotros\/\" \/>\n<meta property=\"og:site_name\" content=\"Algicel\" \/>\n<meta property=\"article:modified_time\" content=\"2025-09-05T11:16:36+00:00\" \/>\n<meta name=\"twitter:card\" content=\"summary_large_image\" \/>\n<script type=\"application\/ld+json\" class=\"yoast-schema-graph\">{\"@context\":\"https:\/\/schema.org\",\"@graph\":[{\"@type\":\"WebPage\",\"@id\":\"https:\/\/algicel.pt\/sobre-nos\/\",\"url\":\"https:\/\/algicel.pt\/sobre-nos\/\",\"name\":\"Sobre n\u00f3s - Algicel\",\"isPartOf\":{\"@id\":\"https:\/\/algicel.pt\/#website\"},\"datePublished\":\"2025-07-30T22:09:01+00:00\",\"dateModified\":\"2025-09-05T11:16:36+00:00\",\"breadcrumb\":{\"@id\":\"https:\/\/algicel.pt\/sobre-nos\/#breadcrumb\"},\"inLanguage\":\"es\",\"potentialAction\":[{\"@type\":\"ReadAction\",\"target\":[\"https:\/\/algicel.pt\/sobre-nos\/\"]}]},{\"@type\":\"BreadcrumbList\",\"@id\":\"https:\/\/algicel.pt\/sobre-nos\/#breadcrumb\",\"itemListElement\":[{\"@type\":\"ListItem\",\"position\":1,\"name\":\"In\u00edcio\",\"item\":\"https:\/\/algicel.pt\/\"},{\"@type\":\"ListItem\",\"position\":2,\"name\":\"Sobre n\u00f3s\"}]},{\"@type\":\"WebSite\",\"@id\":\"https:\/\/algicel.pt\/#website\",\"url\":\"https:\/\/algicel.pt\/\",\"name\":\"Algicel\",\"description\":\"O mais potente antioxidante natural para uma vida saud\u00e1vel\",\"potentialAction\":[{\"@type\":\"SearchAction\",\"target\":{\"@type\":\"EntryPoint\",\"urlTemplate\":\"https:\/\/algicel.pt\/?s={search_term_string}\"},\"query-input\":{\"@type\":\"PropertyValueSpecification\",\"valueRequired\":true,\"valueName\":\"search_term_string\"}}],\"inLanguage\":\"es\"}]}<\/script>\n<!-- \/ Yoast SEO plugin. -->","yoast_head_json":{"title":"Sobre nosotros - Algicel","robots":{"index":"index","follow":"follow","max-snippet":"max-snippet:-1","max-image-preview":"max-image-preview:large","max-video-preview":"max-video-preview:-1"},"canonical":"https:\/\/algicel.pt\/es\/sobre-nosotros\/","og_locale":"es_ES","og_type":"article","og_title":"Sobre n\u00f3s - Algicel","og_url":"https:\/\/algicel.pt\/es\/sobre-nosotros\/","og_site_name":"Algicel","article_modified_time":"2025-09-05T11:16:36+00:00","twitter_card":"summary_large_image","schema":{"@context":"https:\/\/schema.org","@graph":[{"@type":"WebPage","@id":"https:\/\/algicel.pt\/sobre-nos\/","url":"https:\/\/algicel.pt\/sobre-nos\/","name":"Sobre nosotros - Algicel","isPartOf":{"@id":"https:\/\/algicel.pt\/#website"},"datePublished":"2025-07-30T22:09:01+00:00","dateModified":"2025-09-05T11:16:36+00:00","breadcrumb":{"@id":"https:\/\/algicel.pt\/sobre-nos\/#breadcrumb"},"inLanguage":"es","potentialAction":[{"@type":"ReadAction","target":["https:\/\/algicel.pt\/sobre-nos\/"]}]},{"@type":"BreadcrumbList","@id":"https:\/\/algicel.pt\/sobre-nos\/#breadcrumb","itemListElement":[{"@type":"ListItem","position":1,"name":"In\u00edcio","item":"https:\/\/algicel.pt\/"},{"@type":"ListItem","position":2,"name":"Sobre n\u00f3s"}]},{"@type":"WebSite","@id":"https:\/\/algicel.pt\/#website","url":"https:\/\/algicel.pt\/","name":"Algicel","description":"El antioxidante natural m\u00e1s potente para una vida sana","potentialAction":[{"@type":"SearchAction","target":{"@type":"EntryPoint","urlTemplate":"https:\/\/algicel.pt\/?s={search_term_string}"},"query-input":{"@type":"PropertyValueSpecification","valueRequired":true,"valueName":"search_term_string"}}],"inLanguage":"es"}]}},"_links":{"self":[{"href":"https:\/\/algicel.pt\/es\/wp-json\/wp\/v2\/pages\/662","targetHints":{"allow":["GET"]}}],"collection":[{"href":"https:\/\/algicel.pt\/es\/wp-json\/wp\/v2\/pages"}],"about":[{"href":"https:\/\/algicel.pt\/es\/wp-json\/wp\/v2\/types\/page"}],"author":[{"embeddable":true,"href":"https:\/\/algicel.pt\/es\/wp-json\/wp\/v2\/users\/1"}],"replies":[{"embeddable":true,"href":"https:\/\/algicel.pt\/es\/wp-json\/wp\/v2\/comments?post=662"}],"version-history":[{"count":101,"href":"https:\/\/algicel.pt\/es\/wp-json\/wp\/v2\/pages\/662\/revisions"}],"predecessor-version":[{"id":1975,"href":"https:\/\/algicel.pt\/es\/wp-json\/wp\/v2\/pages\/662\/revisions\/1975"}],"wp:attachment":[{"href":"https:\/\/algicel.pt\/es\/wp-json\/wp\/v2\/media?parent=662"}],"curies":[{"name":"wp","href":"https:\/\/api.w.org\/{rel}","templated":true}]}}