{"id":166,"date":"2025-07-29T07:54:31","date_gmt":"2025-07-29T07:54:31","guid":{"rendered":"https:\/\/algicel.pt\/?post_type=product&#038;p=166"},"modified":"2026-02-12T16:49:31","modified_gmt":"2026-02-12T16:49:31","slug":"capsulas-de-azora-astaxantina","status":"publish","type":"product","link":"https:\/\/algicel.pt\/es\/producto\/capsulas-de-azora-astaxantina\/","title":{"rendered":"Azora astaxanthin \u2013 C\u00e1psulas"},"content":{"rendered":"","protected":false},"excerpt":{"rendered":"<p><strong>Azora astaxanthin es un potente antioxidante natural, con antiinflamatorio y alta efectividad.<\/strong><\/p>\n<p><strong>7 beneficios principales de Astaxanth:<\/strong><\/p>\n<ul>\n<li>Refuerzo del sistema inmune;<\/li>\n<li>Protecci\u00f3n celular contra el estr\u00e9s oxidativo y la inflamaci\u00f3n cr\u00f3nica;<\/li>\n<li>Enfermedades neurodegenerativas;<\/li>\n<li>Enfermedades cardiovasculares;<\/li>\n<li>Dolor articular;<\/li>\n<li>Cansancio y energ\u00eda;<\/li>\n<li>Heridas cr\u00f3nicas.<\/li>\n<\/ul>\n<p><strong>Azora Astaxanthin puede ayudar:<\/strong><br \/>\nSistema de Inmunidad \u2013 la astaxantina aumenta la actividad de las c\u00e9lulas NK y la subpoblaci\u00f3n de las c\u00e9lulas B y T de nuestro sistema inmune. Haga un recuento de sangre antes y despu\u00e9s de tomarlo y ver las diferencias.<\/p>\n<p><strong>Estr\u00e9s oxidativo<\/strong> - Los radicales libres pueden causar da\u00f1os oxidativos que est\u00e1n en el origen de muchas enfermedades. Como potente antioxidante, la astaxantina ayuda a neutralizar los radicales libres y a reducir la viabilidad y migraci\u00f3n de las c\u00e9lulas cancerosas.<\/p>\n<p><strong>Enfermedades neurodegenerativas<\/strong> - La astaxantina atraviesa f\u00e1cilmente la barrera hematoencef\u00e1lica, que es una barrera muy selectiva para la mayor\u00eda de las sustancias, por lo que puede ayudar a reducir el riesgo de enfermedades neurodegenerativas.<\/p>\n<p><strong>Enfermedades cardiovasculares<\/strong> - Proteger el sistema cardiovascular es esencial, ya que es la \u00fanica forma de evitar accidentes cerebrovasculares, infartos de miocardio y otros problemas graves.<\/p>\n<p><strong>Dolor articular<\/strong> - Gracias a su actividad antiinflamatoria natural, se alivia el dolor.<\/p>\n<p><strong>Cansancio y energ\u00eda<\/strong> - Menos cansancio y m\u00e1s vitalidad son efectos notables. La recuperaci\u00f3n tras un ejercicio f\u00edsico intenso es m\u00e1s r\u00e1pida.<\/p>\n<p>Heridas cr\u00f3nicas - Las heridas cr\u00f3nicas se curan en poco tiempo<\/p>\n<p>Garant\u00eda devoluci\u00f3n del dinero - 100% satisfacci\u00f3n<br \/>\nSu satisfacci\u00f3n es muy importante para nosotros. Tenga en cuenta que hay efectos que son notables f\u00e1cilmente y otros que no son f\u00e1ciles de percibir. El alivio del dolor en las articulaciones, la reducci\u00f3n del cansancio, m\u00e1s energ\u00eda y vitalidad, o la curaci\u00f3n de heridas cr\u00f3nicas son efectos f\u00e1cilmente notados. Sin embargo, por ejemplo, el refuerzo del sistema inmune solo se percibir\u00e1 significativamente si un recuento sangu\u00edneo antes y despu\u00e9s de su uso. De todos modos, si no est\u00e1 completamente satisfecho, devolvemos su valor sin complicaciones.<\/p>\n<p>Lo que nuestros clientes dicen de nosotros<\/p>","protected":false},"featured_media":641,"comment_status":"closed","ping_status":"closed","template":"","meta":[],"product_brand":[],"product_cat":[23],"product_tag":[],"class_list":{"0":"post-166","1":"product","2":"type-product","3":"status-publish","4":"has-post-thumbnail","6":"product_cat-sem-categoria","8":"first","9":"instock","10":"shipping-taxable","11":"purchasable","12":"product-type-simple"},"yoast_head":"<!-- This site is optimized with the Yoast SEO plugin v26.7 - https:\/\/yoast.com\/wordpress\/plugins\/seo\/ -->\n<title>Azora Astaxanthin \u2013 C\u00e1psulas - Algicel<\/title>\n<meta name=\"robots\" content=\"index, follow, max-snippet:-1, max-image-preview:large, max-video-preview:-1\" \/>\n<link rel=\"canonical\" href=\"https:\/\/algicel.pt\/es\/producto\/capsulas-de-azora-astaxantina\/\" \/>\n<meta property=\"og:locale\" content=\"es_ES\" \/>\n<meta property=\"og:type\" content=\"article\" \/>\n<meta property=\"og:title\" content=\"Azora Astaxanthin \u2013 C\u00e1psulas - Algicel\" \/>\n<meta property=\"og:description\" content=\"Azora Astaxanthin \u00e9 um potente antioxidante natural, com actividade anti-inflamat\u00f3ria e de alta efic\u00e1cia.  7 principais benef\u00edcios da astaxantina:   Refor\u00e7o do sistema imunit\u00e1rio;  Protec\u00e7\u00e3o celular contra stress oxidativo e inflama\u00e7\u00e3o cr\u00f3nica;  Doen\u00e7as neurodegenerativas;  Doen\u00e7as cardiovasculares;  Dores nas articula\u00e7\u00f5es;  Cansa\u00e7o e energia;  Feridas cr\u00f3nicas.  Azora Astaxanthin pode ajudar: Sistema Imunit\u00e1rio \u2013 A astaxantina aumenta a atividade das c\u00e9lulas NK e a subpopula\u00e7\u00e3o das c\u00e9lulas B e T do nosso sistema imunit\u00e1rio. Fa\u00e7a um hemograma antes e depois da toma e veja as diferen\u00e7as.  Stress oxidativo \u2013 Os radicais livres podem causar danos oxidativos que est\u00e3o na origem de v\u00e1rias doen\u00e7as. A astaxantina como potente antioxidante ajuda a neutralizar os radicais livres e a reduzir a viabilidade e migra\u00e7\u00e3o das c\u00e9lulas cancer\u00edgenas.  Doen\u00e7as Neurodegenerativas \u2013 A astaxantina passa facilmente a barreira hematoencef\u00e1lica, que \u00e9 uma barreira muito seletiva \u00e0 maior parte das subst\u00e2ncias, por isso pode auxiliar na redu\u00e7\u00e3o do risco de doen\u00e7as neurodegenerativas.  Doen\u00e7as Cardiovasculares \u2013 A prote\u00e7\u00e3o do sistema cardiovascular \u00e9 fundamental, pois s\u00f3 assim se evitam AVC\u2019s, enfartes e outros problemas graves.  Dores nas Articula\u00e7\u00f5es \u2013 Devido \u00e0 sua atividade anti-inflamat\u00f3ria natural, ocorre o al\u00edvio das dores.  Cansa\u00e7o e Energia \u2013 Menos cansa\u00e7o e mais vitalidade s\u00e3o efeitos notados. A recupera\u00e7\u00e3o ap\u00f3s exerc\u00edcio f\u00edsico intenso \u00e9 mais r\u00e1pida.  Feridas Cr\u00f3nicas \u2013 As feridas cr\u00f3nicas cicatrizam num curto espa\u00e7o de tempo  Garantia devolu\u00e7\u00e3o de dinheiro \u2013 100% satisfa\u00e7\u00e3o A sua satisfa\u00e7\u00e3o \u00e9 muito importante para n\u00f3s. Tenha em aten\u00e7\u00e3o que existem efeitos que s\u00e3o notados f\u00e1cilmente e outros que n\u00e3o s\u00e3o de f\u00e1cil percep\u00e7\u00e3o. O al\u00edvio das dores nas articula\u00e7\u00f5es, a redu\u00e7\u00e3o do cansa\u00e7o, mais energia e vitalidade, ou a cicatriza\u00e7\u00e3o de feridas cr\u00f3nicas s\u00e3o efeitos que podem ser notados facilmente. No entanto, por exemplo, o refor\u00e7o do sistema imunit\u00e1rio s\u00f3 ser\u00e1 percebido de forma significativa se realizar um hemograma antes e depois da utiliza\u00e7\u00e3o. De qualquer forma, se n\u00e3o ficar totalmente satisfeito, devolvemos o seu valor sem complica\u00e7\u00f5es.  O que dizem os nossos clientes sobre n\u00f3s\" \/>\n<meta property=\"og:url\" content=\"https:\/\/algicel.pt\/es\/producto\/capsulas-de-azora-astaxantina\/\" \/>\n<meta property=\"og:site_name\" content=\"Algicel\" \/>\n<meta property=\"article:modified_time\" content=\"2026-02-12T16:49:31+00:00\" \/>\n<meta property=\"og:image\" content=\"https:\/\/algicel.pt\/wp-content\/uploads\/2025\/07\/Azora-Astaxanthin-\u2013-CapsulasCaixa.webp\" \/>\n\t<meta property=\"og:image:width\" content=\"1200\" \/>\n\t<meta property=\"og:image:height\" content=\"1200\" \/>\n\t<meta property=\"og:image:type\" content=\"image\/webp\" \/>\n<meta name=\"twitter:card\" content=\"summary_large_image\" \/>\n<meta name=\"twitter:label1\" content=\"Tiempo de lectura\" \/>\n\t<meta name=\"twitter:data1\" content=\"1 minuto\" \/>\n<script type=\"application\/ld+json\" class=\"yoast-schema-graph\">{\"@context\":\"https:\/\/schema.org\",\"@graph\":[{\"@type\":\"WebPage\",\"@id\":\"https:\/\/algicel.pt\/produto\/azora-astaxanthin-capsulas\/\",\"url\":\"https:\/\/algicel.pt\/produto\/azora-astaxanthin-capsulas\/\",\"name\":\"Azora Astaxanthin \u2013 C\u00e1psulas - Algicel\",\"isPartOf\":{\"@id\":\"https:\/\/algicel.pt\/#website\"},\"primaryImageOfPage\":{\"@id\":\"https:\/\/algicel.pt\/produto\/azora-astaxanthin-capsulas\/#primaryimage\"},\"image\":{\"@id\":\"https:\/\/algicel.pt\/produto\/azora-astaxanthin-capsulas\/#primaryimage\"},\"thumbnailUrl\":\"https:\/\/algicel.pt\/wp-content\/uploads\/2025\/07\/Azora-Astaxanthin-\u2013-CapsulasCaixa.webp\",\"datePublished\":\"2025-07-29T07:54:31+00:00\",\"dateModified\":\"2026-02-12T16:49:31+00:00\",\"breadcrumb\":{\"@id\":\"https:\/\/algicel.pt\/produto\/azora-astaxanthin-capsulas\/#breadcrumb\"},\"inLanguage\":\"es\",\"potentialAction\":[{\"@type\":\"ReadAction\",\"target\":[\"https:\/\/algicel.pt\/produto\/azora-astaxanthin-capsulas\/\"]}]},{\"@type\":\"ImageObject\",\"inLanguage\":\"es\",\"@id\":\"https:\/\/algicel.pt\/produto\/azora-astaxanthin-capsulas\/#primaryimage\",\"url\":\"https:\/\/algicel.pt\/wp-content\/uploads\/2025\/07\/Azora-Astaxanthin-\u2013-CapsulasCaixa.webp\",\"contentUrl\":\"https:\/\/algicel.pt\/wp-content\/uploads\/2025\/07\/Azora-Astaxanthin-\u2013-CapsulasCaixa.webp\",\"width\":1200,\"height\":1200},{\"@type\":\"BreadcrumbList\",\"@id\":\"https:\/\/algicel.pt\/produto\/azora-astaxanthin-capsulas\/#breadcrumb\",\"itemListElement\":[{\"@type\":\"ListItem\",\"position\":1,\"name\":\"In\u00edcio\",\"item\":\"https:\/\/algicel.pt\/\"},{\"@type\":\"ListItem\",\"position\":2,\"name\":\"Loja\",\"item\":\"https:\/\/algicel.pt\/loja\/\"},{\"@type\":\"ListItem\",\"position\":3,\"name\":\"Azora Astaxanthin \u2013 C\u00e1psulas\"}]},{\"@type\":\"WebSite\",\"@id\":\"https:\/\/algicel.pt\/#website\",\"url\":\"https:\/\/algicel.pt\/\",\"name\":\"Algicel\",\"description\":\"O mais potente antioxidante natural para uma vida saud\u00e1vel\",\"potentialAction\":[{\"@type\":\"SearchAction\",\"target\":{\"@type\":\"EntryPoint\",\"urlTemplate\":\"https:\/\/algicel.pt\/?s={search_term_string}\"},\"query-input\":{\"@type\":\"PropertyValueSpecification\",\"valueRequired\":true,\"valueName\":\"search_term_string\"}}],\"inLanguage\":\"es\"}]}<\/script>\n<!-- \/ Yoast SEO plugin. -->","yoast_head_json":{"title":"Azora Astaxantina - C\u00e1psulas - Algicel","robots":{"index":"index","follow":"follow","max-snippet":"max-snippet:-1","max-image-preview":"max-image-preview:large","max-video-preview":"max-video-preview:-1"},"canonical":"https:\/\/algicel.pt\/es\/producto\/capsulas-de-azora-astaxantina\/","og_locale":"es_ES","og_type":"article","og_title":"Azora Astaxanthin \u2013 C\u00e1psulas - Algicel","og_description":"Azora Astaxanthin \u00e9 um potente antioxidante natural, com actividade anti-inflamat\u00f3ria e de alta efic\u00e1cia.  7 principais benef\u00edcios da astaxantina:   Refor\u00e7o do sistema imunit\u00e1rio;  Protec\u00e7\u00e3o celular contra stress oxidativo e inflama\u00e7\u00e3o cr\u00f3nica;  Doen\u00e7as neurodegenerativas;  Doen\u00e7as cardiovasculares;  Dores nas articula\u00e7\u00f5es;  Cansa\u00e7o e energia;  Feridas cr\u00f3nicas.  Azora Astaxanthin pode ajudar: Sistema Imunit\u00e1rio \u2013 A astaxantina aumenta a atividade das c\u00e9lulas NK e a subpopula\u00e7\u00e3o das c\u00e9lulas B e T do nosso sistema imunit\u00e1rio. Fa\u00e7a um hemograma antes e depois da toma e veja as diferen\u00e7as.  Stress oxidativo \u2013 Os radicais livres podem causar danos oxidativos que est\u00e3o na origem de v\u00e1rias doen\u00e7as. A astaxantina como potente antioxidante ajuda a neutralizar os radicais livres e a reduzir a viabilidade e migra\u00e7\u00e3o das c\u00e9lulas cancer\u00edgenas.  Doen\u00e7as Neurodegenerativas \u2013 A astaxantina passa facilmente a barreira hematoencef\u00e1lica, que \u00e9 uma barreira muito seletiva \u00e0 maior parte das subst\u00e2ncias, por isso pode auxiliar na redu\u00e7\u00e3o do risco de doen\u00e7as neurodegenerativas.  Doen\u00e7as Cardiovasculares \u2013 A prote\u00e7\u00e3o do sistema cardiovascular \u00e9 fundamental, pois s\u00f3 assim se evitam AVC\u2019s, enfartes e outros problemas graves.  Dores nas Articula\u00e7\u00f5es \u2013 Devido \u00e0 sua atividade anti-inflamat\u00f3ria natural, ocorre o al\u00edvio das dores.  Cansa\u00e7o e Energia \u2013 Menos cansa\u00e7o e mais vitalidade s\u00e3o efeitos notados. A recupera\u00e7\u00e3o ap\u00f3s exerc\u00edcio f\u00edsico intenso \u00e9 mais r\u00e1pida.  Feridas Cr\u00f3nicas \u2013 As feridas cr\u00f3nicas cicatrizam num curto espa\u00e7o de tempo  Garantia devolu\u00e7\u00e3o de dinheiro \u2013 100% satisfa\u00e7\u00e3o A sua satisfa\u00e7\u00e3o \u00e9 muito importante para n\u00f3s. Tenha em aten\u00e7\u00e3o que existem efeitos que s\u00e3o notados f\u00e1cilmente e outros que n\u00e3o s\u00e3o de f\u00e1cil percep\u00e7\u00e3o. O al\u00edvio das dores nas articula\u00e7\u00f5es, a redu\u00e7\u00e3o do cansa\u00e7o, mais energia e vitalidade, ou a cicatriza\u00e7\u00e3o de feridas cr\u00f3nicas s\u00e3o efeitos que podem ser notados facilmente. No entanto, por exemplo, o refor\u00e7o do sistema imunit\u00e1rio s\u00f3 ser\u00e1 percebido de forma significativa se realizar um hemograma antes e depois da utiliza\u00e7\u00e3o. De qualquer forma, se n\u00e3o ficar totalmente satisfeito, devolvemos o seu valor sem complica\u00e7\u00f5es.  O que dizem os nossos clientes sobre n\u00f3s","og_url":"https:\/\/algicel.pt\/es\/producto\/capsulas-de-azora-astaxantina\/","og_site_name":"Algicel","article_modified_time":"2026-02-12T16:49:31+00:00","og_image":[{"width":1200,"height":1200,"url":"https:\/\/algicel.pt\/wp-content\/uploads\/2025\/07\/Azora-Astaxanthin-\u2013-CapsulasCaixa.webp","type":"image\/webp"}],"twitter_card":"summary_large_image","twitter_misc":{"Tiempo de lectura":"1 minuto"},"schema":{"@context":"https:\/\/schema.org","@graph":[{"@type":"WebPage","@id":"https:\/\/algicel.pt\/produto\/azora-astaxanthin-capsulas\/","url":"https:\/\/algicel.pt\/produto\/azora-astaxanthin-capsulas\/","name":"Azora Astaxantina - C\u00e1psulas - Algicel","isPartOf":{"@id":"https:\/\/algicel.pt\/#website"},"primaryImageOfPage":{"@id":"https:\/\/algicel.pt\/produto\/azora-astaxanthin-capsulas\/#primaryimage"},"image":{"@id":"https:\/\/algicel.pt\/produto\/azora-astaxanthin-capsulas\/#primaryimage"},"thumbnailUrl":"https:\/\/algicel.pt\/wp-content\/uploads\/2025\/07\/Azora-Astaxanthin-\u2013-CapsulasCaixa.webp","datePublished":"2025-07-29T07:54:31+00:00","dateModified":"2026-02-12T16:49:31+00:00","breadcrumb":{"@id":"https:\/\/algicel.pt\/produto\/azora-astaxanthin-capsulas\/#breadcrumb"},"inLanguage":"es","potentialAction":[{"@type":"ReadAction","target":["https:\/\/algicel.pt\/produto\/azora-astaxanthin-capsulas\/"]}]},{"@type":"ImageObject","inLanguage":"es","@id":"https:\/\/algicel.pt\/produto\/azora-astaxanthin-capsulas\/#primaryimage","url":"https:\/\/algicel.pt\/wp-content\/uploads\/2025\/07\/Azora-Astaxanthin-\u2013-CapsulasCaixa.webp","contentUrl":"https:\/\/algicel.pt\/wp-content\/uploads\/2025\/07\/Azora-Astaxanthin-\u2013-CapsulasCaixa.webp","width":1200,"height":1200},{"@type":"BreadcrumbList","@id":"https:\/\/algicel.pt\/produto\/azora-astaxanthin-capsulas\/#breadcrumb","itemListElement":[{"@type":"ListItem","position":1,"name":"In\u00edcio","item":"https:\/\/algicel.pt\/"},{"@type":"ListItem","position":2,"name":"Loja","item":"https:\/\/algicel.pt\/loja\/"},{"@type":"ListItem","position":3,"name":"Azora Astaxanthin \u2013 C\u00e1psulas"}]},{"@type":"WebSite","@id":"https:\/\/algicel.pt\/#website","url":"https:\/\/algicel.pt\/","name":"Algicel","description":"El antioxidante natural m\u00e1s potente para una vida sana","potentialAction":[{"@type":"SearchAction","target":{"@type":"EntryPoint","urlTemplate":"https:\/\/algicel.pt\/?s={search_term_string}"},"query-input":{"@type":"PropertyValueSpecification","valueRequired":true,"valueName":"search_term_string"}}],"inLanguage":"es"}]}},"_links":{"self":[{"href":"https:\/\/algicel.pt\/es\/wp-json\/wp\/v2\/product\/166","targetHints":{"allow":["GET"]}}],"collection":[{"href":"https:\/\/algicel.pt\/es\/wp-json\/wp\/v2\/product"}],"about":[{"href":"https:\/\/algicel.pt\/es\/wp-json\/wp\/v2\/types\/product"}],"replies":[{"embeddable":true,"href":"https:\/\/algicel.pt\/es\/wp-json\/wp\/v2\/comments?post=166"}],"wp:featuredmedia":[{"embeddable":true,"href":"https:\/\/algicel.pt\/es\/wp-json\/wp\/v2\/media\/641"}],"wp:attachment":[{"href":"https:\/\/algicel.pt\/es\/wp-json\/wp\/v2\/media?parent=166"}],"wp:term":[{"taxonomy":"product_brand","embeddable":true,"href":"https:\/\/algicel.pt\/es\/wp-json\/wp\/v2\/product_brand?post=166"},{"taxonomy":"product_cat","embeddable":true,"href":"https:\/\/algicel.pt\/es\/wp-json\/wp\/v2\/product_cat?post=166"},{"taxonomy":"product_tag","embeddable":true,"href":"https:\/\/algicel.pt\/es\/wp-json\/wp\/v2\/product_tag?post=166"}],"curies":[{"name":"wp","href":"https:\/\/api.w.org\/{rel}","templated":true}]}}