{"id":544,"date":"2025-07-30T13:22:45","date_gmt":"2025-07-30T13:22:45","guid":{"rendered":"https:\/\/algicel.pt\/?post_type=product&#038;p=544"},"modified":"2025-07-31T16:33:17","modified_gmt":"2025-07-31T16:33:17","slug":"emulsion-de-azora-astaxantina","status":"publish","type":"product","link":"https:\/\/algicel.pt\/es\/producto\/emulsion-de-azora-astaxantina\/","title":{"rendered":"Azora Astaxanthin \u2013 Emulsi\u00f3n"},"content":{"rendered":"","protected":false},"excerpt":{"rendered":"<p>Azora Astaxantina ahora est\u00e1 disponible en emulsi\u00f3n para fortalecer el sistema inmunitario de ni\u00f1os y adultos con dificultad para tragar c\u00e1psulas. Azora Astaxantina Emulsi\u00f3n es un potente antioxidante natural con actividad antiinflamatoria y alta eficacia, con un sabor agradable.<\/p>","protected":false},"featured_media":639,"comment_status":"closed","ping_status":"closed","template":"","meta":[],"product_brand":[],"product_cat":[23],"product_tag":[],"class_list":{"0":"post-544","1":"product","2":"type-product","3":"status-publish","4":"has-post-thumbnail","6":"product_cat-sem-categoria","8":"first","9":"instock","10":"shipping-taxable","11":"purchasable","12":"product-type-simple"},"yoast_head":"<!-- This site is optimized with the Yoast SEO plugin v26.7 - https:\/\/yoast.com\/wordpress\/plugins\/seo\/ -->\n<title>Azora Astaxanthin \u2013 Emuls\u00e3o - Algicel<\/title>\n<meta name=\"robots\" content=\"index, follow, max-snippet:-1, max-image-preview:large, max-video-preview:-1\" \/>\n<link rel=\"canonical\" href=\"https:\/\/algicel.pt\/es\/producto\/emulsion-de-azora-astaxantina\/\" \/>\n<meta property=\"og:locale\" content=\"es_ES\" \/>\n<meta property=\"og:type\" content=\"article\" \/>\n<meta property=\"og:title\" content=\"Azora Astaxanthin \u2013 Emuls\u00e3o - Algicel\" \/>\n<meta property=\"og:description\" content=\"Azora Astaxanthin agora dispon\u00edvel em Emuls\u00e3o, para refor\u00e7o do sistema imunit\u00e1rio das crian\u00e7as ou adultos com dificuldade em deglutir c\u00e1psulas. Azora Astaxanthin Emuls\u00e3o \u00e9 um potente antioxidante natural, com atividade anti-inflamat\u00f3ria e de alta efic\u00e1cia, com sabor agrad\u00e1vel.\" \/>\n<meta property=\"og:url\" content=\"https:\/\/algicel.pt\/es\/producto\/emulsion-de-azora-astaxantina\/\" \/>\n<meta property=\"og:site_name\" content=\"Algicel\" \/>\n<meta property=\"article:modified_time\" content=\"2025-07-31T16:33:17+00:00\" \/>\n<meta property=\"og:image\" content=\"https:\/\/algicel.pt\/wp-content\/uploads\/2025\/07\/Azora-Astaxanthin-\u2013-EmulsaoCaixa.webp\" \/>\n\t<meta property=\"og:image:width\" content=\"1200\" \/>\n\t<meta property=\"og:image:height\" content=\"1200\" \/>\n\t<meta property=\"og:image:type\" content=\"image\/webp\" \/>\n<meta name=\"twitter:card\" content=\"summary_large_image\" \/>\n<meta name=\"twitter:label1\" content=\"Tiempo de lectura\" \/>\n\t<meta name=\"twitter:data1\" content=\"1 minuto\" \/>\n<script type=\"application\/ld+json\" class=\"yoast-schema-graph\">{\"@context\":\"https:\/\/schema.org\",\"@graph\":[{\"@type\":\"WebPage\",\"@id\":\"https:\/\/algicel.pt\/produto\/azora-astaxanthin-emulsao\/\",\"url\":\"https:\/\/algicel.pt\/produto\/azora-astaxanthin-emulsao\/\",\"name\":\"Azora Astaxanthin \u2013 Emuls\u00e3o - Algicel\",\"isPartOf\":{\"@id\":\"https:\/\/algicel.pt\/#website\"},\"primaryImageOfPage\":{\"@id\":\"https:\/\/algicel.pt\/produto\/azora-astaxanthin-emulsao\/#primaryimage\"},\"image\":{\"@id\":\"https:\/\/algicel.pt\/produto\/azora-astaxanthin-emulsao\/#primaryimage\"},\"thumbnailUrl\":\"https:\/\/algicel.pt\/wp-content\/uploads\/2025\/07\/Azora-Astaxanthin-\u2013-EmulsaoCaixa.webp\",\"datePublished\":\"2025-07-30T13:22:45+00:00\",\"dateModified\":\"2025-07-31T16:33:17+00:00\",\"breadcrumb\":{\"@id\":\"https:\/\/algicel.pt\/produto\/azora-astaxanthin-emulsao\/#breadcrumb\"},\"inLanguage\":\"es\",\"potentialAction\":[{\"@type\":\"ReadAction\",\"target\":[\"https:\/\/algicel.pt\/produto\/azora-astaxanthin-emulsao\/\"]}]},{\"@type\":\"ImageObject\",\"inLanguage\":\"es\",\"@id\":\"https:\/\/algicel.pt\/produto\/azora-astaxanthin-emulsao\/#primaryimage\",\"url\":\"https:\/\/algicel.pt\/wp-content\/uploads\/2025\/07\/Azora-Astaxanthin-\u2013-EmulsaoCaixa.webp\",\"contentUrl\":\"https:\/\/algicel.pt\/wp-content\/uploads\/2025\/07\/Azora-Astaxanthin-\u2013-EmulsaoCaixa.webp\",\"width\":1200,\"height\":1200},{\"@type\":\"BreadcrumbList\",\"@id\":\"https:\/\/algicel.pt\/produto\/azora-astaxanthin-emulsao\/#breadcrumb\",\"itemListElement\":[{\"@type\":\"ListItem\",\"position\":1,\"name\":\"In\u00edcio\",\"item\":\"https:\/\/algicel.pt\/\"},{\"@type\":\"ListItem\",\"position\":2,\"name\":\"Loja\",\"item\":\"https:\/\/algicel.pt\/loja\/\"},{\"@type\":\"ListItem\",\"position\":3,\"name\":\"Azora Astaxanthin \u2013 Emuls\u00e3o\"}]},{\"@type\":\"WebSite\",\"@id\":\"https:\/\/algicel.pt\/#website\",\"url\":\"https:\/\/algicel.pt\/\",\"name\":\"Algicel\",\"description\":\"O mais potente antioxidante natural para uma vida saud\u00e1vel\",\"potentialAction\":[{\"@type\":\"SearchAction\",\"target\":{\"@type\":\"EntryPoint\",\"urlTemplate\":\"https:\/\/algicel.pt\/?s={search_term_string}\"},\"query-input\":{\"@type\":\"PropertyValueSpecification\",\"valueRequired\":true,\"valueName\":\"search_term_string\"}}],\"inLanguage\":\"es\"}]}<\/script>\n<!-- \/ Yoast SEO plugin. -->","yoast_head_json":{"title":"Azora Astaxantina - Emulsi\u00f3n - Algicel","robots":{"index":"index","follow":"follow","max-snippet":"max-snippet:-1","max-image-preview":"max-image-preview:large","max-video-preview":"max-video-preview:-1"},"canonical":"https:\/\/algicel.pt\/es\/producto\/emulsion-de-azora-astaxantina\/","og_locale":"es_ES","og_type":"article","og_title":"Azora Astaxanthin \u2013 Emuls\u00e3o - Algicel","og_description":"Azora Astaxanthin agora dispon\u00edvel em Emuls\u00e3o, para refor\u00e7o do sistema imunit\u00e1rio das crian\u00e7as ou adultos com dificuldade em deglutir c\u00e1psulas. Azora Astaxanthin Emuls\u00e3o \u00e9 um potente antioxidante natural, com atividade anti-inflamat\u00f3ria e de alta efic\u00e1cia, com sabor agrad\u00e1vel.","og_url":"https:\/\/algicel.pt\/es\/producto\/emulsion-de-azora-astaxantina\/","og_site_name":"Algicel","article_modified_time":"2025-07-31T16:33:17+00:00","og_image":[{"width":1200,"height":1200,"url":"https:\/\/algicel.pt\/wp-content\/uploads\/2025\/07\/Azora-Astaxanthin-\u2013-EmulsaoCaixa.webp","type":"image\/webp"}],"twitter_card":"summary_large_image","twitter_misc":{"Tiempo de lectura":"1 minuto"},"schema":{"@context":"https:\/\/schema.org","@graph":[{"@type":"WebPage","@id":"https:\/\/algicel.pt\/produto\/azora-astaxanthin-emulsao\/","url":"https:\/\/algicel.pt\/produto\/azora-astaxanthin-emulsao\/","name":"Azora Astaxantina - Emulsi\u00f3n - Algicel","isPartOf":{"@id":"https:\/\/algicel.pt\/#website"},"primaryImageOfPage":{"@id":"https:\/\/algicel.pt\/produto\/azora-astaxanthin-emulsao\/#primaryimage"},"image":{"@id":"https:\/\/algicel.pt\/produto\/azora-astaxanthin-emulsao\/#primaryimage"},"thumbnailUrl":"https:\/\/algicel.pt\/wp-content\/uploads\/2025\/07\/Azora-Astaxanthin-\u2013-EmulsaoCaixa.webp","datePublished":"2025-07-30T13:22:45+00:00","dateModified":"2025-07-31T16:33:17+00:00","breadcrumb":{"@id":"https:\/\/algicel.pt\/produto\/azora-astaxanthin-emulsao\/#breadcrumb"},"inLanguage":"es","potentialAction":[{"@type":"ReadAction","target":["https:\/\/algicel.pt\/produto\/azora-astaxanthin-emulsao\/"]}]},{"@type":"ImageObject","inLanguage":"es","@id":"https:\/\/algicel.pt\/produto\/azora-astaxanthin-emulsao\/#primaryimage","url":"https:\/\/algicel.pt\/wp-content\/uploads\/2025\/07\/Azora-Astaxanthin-\u2013-EmulsaoCaixa.webp","contentUrl":"https:\/\/algicel.pt\/wp-content\/uploads\/2025\/07\/Azora-Astaxanthin-\u2013-EmulsaoCaixa.webp","width":1200,"height":1200},{"@type":"BreadcrumbList","@id":"https:\/\/algicel.pt\/produto\/azora-astaxanthin-emulsao\/#breadcrumb","itemListElement":[{"@type":"ListItem","position":1,"name":"In\u00edcio","item":"https:\/\/algicel.pt\/"},{"@type":"ListItem","position":2,"name":"Loja","item":"https:\/\/algicel.pt\/loja\/"},{"@type":"ListItem","position":3,"name":"Azora Astaxanthin \u2013 Emuls\u00e3o"}]},{"@type":"WebSite","@id":"https:\/\/algicel.pt\/#website","url":"https:\/\/algicel.pt\/","name":"Algicel","description":"El antioxidante natural m\u00e1s potente para una vida sana","potentialAction":[{"@type":"SearchAction","target":{"@type":"EntryPoint","urlTemplate":"https:\/\/algicel.pt\/?s={search_term_string}"},"query-input":{"@type":"PropertyValueSpecification","valueRequired":true,"valueName":"search_term_string"}}],"inLanguage":"es"}]}},"_links":{"self":[{"href":"https:\/\/algicel.pt\/es\/wp-json\/wp\/v2\/product\/544","targetHints":{"allow":["GET"]}}],"collection":[{"href":"https:\/\/algicel.pt\/es\/wp-json\/wp\/v2\/product"}],"about":[{"href":"https:\/\/algicel.pt\/es\/wp-json\/wp\/v2\/types\/product"}],"replies":[{"embeddable":true,"href":"https:\/\/algicel.pt\/es\/wp-json\/wp\/v2\/comments?post=544"}],"wp:featuredmedia":[{"embeddable":true,"href":"https:\/\/algicel.pt\/es\/wp-json\/wp\/v2\/media\/639"}],"wp:attachment":[{"href":"https:\/\/algicel.pt\/es\/wp-json\/wp\/v2\/media?parent=544"}],"wp:term":[{"taxonomy":"product_brand","embeddable":true,"href":"https:\/\/algicel.pt\/es\/wp-json\/wp\/v2\/product_brand?post=544"},{"taxonomy":"product_cat","embeddable":true,"href":"https:\/\/algicel.pt\/es\/wp-json\/wp\/v2\/product_cat?post=544"},{"taxonomy":"product_tag","embeddable":true,"href":"https:\/\/algicel.pt\/es\/wp-json\/wp\/v2\/product_tag?post=544"}],"curies":[{"name":"wp","href":"https:\/\/api.w.org\/{rel}","templated":true}]}}